{"id":272,"date":"2023-10-16T03:45:04","date_gmt":"2023-10-16T01:45:04","guid":{"rendered":"https:\/\/manantialesusa.org\/?page_id=272"},"modified":"2024-07-31T22:56:04","modified_gmt":"2024-07-31T20:56:04","slug":"otras-adicciones","status":"publish","type":"page","link":"https:\/\/manantialesusa.org\/index.php\/otras-adicciones\/","title":{"rendered":"Otras Adicciones"},"content":{"rendered":"\t\t<div data-elementor-type=\"wp-page\" data-elementor-id=\"272\" class=\"elementor elementor-272\" data-elementor-post-type=\"page\">\n\t\t\t\t<div class=\"elementor-element elementor-element-d5add6c e-con-full e-flex elementor-invisible e-con e-parent\" data-id=\"d5add6c\" data-element_type=\"container\" data-e-type=\"container\" data-settings=\"{&quot;background_background&quot;:&quot;classic&quot;,&quot;animation&quot;:&quot;fadeIn&quot;}\">\n\t\t\t\t<\/div>\n\t\t<div class=\"elementor-element elementor-element-74fcf65 e-flex e-con-boxed elementor-invisible e-con e-parent\" data-id=\"74fcf65\" data-element_type=\"container\" data-e-type=\"container\" data-settings=\"{&quot;background_background&quot;:&quot;gradient&quot;,&quot;animation&quot;:&quot;fadeIn&quot;}\">\n\t\t\t\t\t<div class=\"e-con-inner\">\n\t\t\t\t\t<\/div>\n\t\t\t\t<\/div>\n\t\t<div class=\"elementor-element elementor-element-9baf5d2 e-flex e-con-boxed e-con e-parent\" data-id=\"9baf5d2\" data-element_type=\"container\" data-e-type=\"container\">\n\t\t\t\t\t<div class=\"e-con-inner\">\n\t\t\t\t<div class=\"elementor-element elementor-element-675a576 elementor-icon-list--layout-inline elementor-align-center elementor-list-item-link-full_width elementor-widget elementor-widget-icon-list\" data-id=\"675a576\" data-element_type=\"widget\" data-e-type=\"widget\" data-widget_type=\"icon-list.default\">\n\t\t\t\t<div class=\"elementor-widget-container\">\n\t\t\t\t\t\t\t<ul class=\"elementor-icon-list-items elementor-inline-items\">\n\t\t\t\t\t\t\t<li class=\"elementor-icon-list-item elementor-inline-item\">\n\t\t\t\t\t\t\t\t\t\t\t<span class=\"elementor-icon-list-icon\">\n\t\t\t\t\t\t\t<i aria-hidden=\"true\" class=\"fas fa-check\"><\/i>\t\t\t\t\t\t<\/span>\n\t\t\t\t\t\t\t\t\t\t<span class=\"elementor-icon-list-text\">Adicci\u00f3n al Trabajo<\/span>\n\t\t\t\t\t\t\t\t\t<\/li>\n\t\t\t\t\t\t\t\t<li class=\"elementor-icon-list-item elementor-inline-item\">\n\t\t\t\t\t\t\t\t\t\t\t<span class=\"elementor-icon-list-icon\">\n\t\t\t\t\t\t\t<i aria-hidden=\"true\" class=\"fas fa-check\"><\/i>\t\t\t\t\t\t<\/span>\n\t\t\t\t\t\t\t\t\t\t<span class=\"elementor-icon-list-text\">Adicci\u00f3n al Amor<\/span>\n\t\t\t\t\t\t\t\t\t<\/li>\n\t\t\t\t\t\t\t\t<li class=\"elementor-icon-list-item elementor-inline-item\">\n\t\t\t\t\t\t\t\t\t\t\t<span class=\"elementor-icon-list-icon\">\n\t\t\t\t\t\t\t<i aria-hidden=\"true\" class=\"fas fa-check\"><\/i>\t\t\t\t\t\t<\/span>\n\t\t\t\t\t\t\t\t\t\t<span class=\"elementor-icon-list-text\">Adicci\u00f3n a las Compras<\/span>\n\t\t\t\t\t\t\t\t\t<\/li>\n\t\t\t\t\t\t\t\t<li class=\"elementor-icon-list-item elementor-inline-item\">\n\t\t\t\t\t\t\t\t\t\t\t<span class=\"elementor-icon-list-icon\">\n\t\t\t\t\t\t\t<i aria-hidden=\"true\" class=\"fas fa-check\"><\/i>\t\t\t\t\t\t<\/span>\n\t\t\t\t\t\t\t\t\t\t<span class=\"elementor-icon-list-text\">Tecnoadicciones<\/span>\n\t\t\t\t\t\t\t\t\t<\/li>\n\t\t\t\t\t\t<\/ul>\n\t\t\t\t\t\t<\/div>\n\t\t\t\t<\/div>\n\t\t\t\t<div class=\"elementor-element elementor-element-380209e elementor-widget__width-initial elementor-widget elementor-widget-heading\" data-id=\"380209e\" data-element_type=\"widget\" data-e-type=\"widget\" data-widget_type=\"heading.default\">\n\t\t\t\t<div class=\"elementor-widget-container\">\n\t\t\t\t\t<h2 class=\"elementor-heading-title elementor-size-default\">Adicci\u00f3n al Trabajo\n:\n<\/h2>\t\t\t\t<\/div>\n\t\t\t\t<\/div>\n\t\t\t\t<div class=\"elementor-element elementor-element-9ce984f elementor-widget elementor-widget-text-editor\" data-id=\"9ce984f\" data-element_type=\"widget\" data-e-type=\"widget\" data-widget_type=\"text-editor.default\">\n\t\t\t\t<div class=\"elementor-widget-container\">\n\t\t\t\t\t\t\t\t\t<div class=\"column mcb-column one column_column column-margin-\"><div class=\"column_attr clearfix align_center\">La adicci\u00f3n al trabajo es un trastorno caracterizado por la progresiva y excesiva carga de actividad laboral de una persona, perdiendo el equilibrio necesario entre el trabajo y el tiempo libre para una vida sana. En las \u00faltimas d\u00e9cadas, la sociedad de consumo ha promovido el desecho del ocio para favorecer los trabajos adicionales que aumentan las ganancias, que a su vez aumentan el consumo. El exceso de trabajo no era considerado una enfermedad, m\u00e1s bien era considerado apropiado.<br \/><br \/>Actualmente, la actividad laboral excesiva ya es considerada un trastorno psicol\u00f3gico que afecta la salud de las personas as\u00ed como tambi\u00e9n sus relaciones familiares y sociales. En una primera instancia, el cansancio y el estr\u00e9s laboral provocan dolores de cabeza, de cuello y espalda, mareos, irritabilidad, baja tensi\u00f3n, depresiones profundas, etc; pero pueden llegar a causar enfermedades cardiovasculares.<br \/><br \/>Los adictos al trabajo o \u201cworkaholics\u201d son generalmente aquellas personas ambiciosas en busca de cierta posici\u00f3n social, profesional o econ\u00f3mica, o por el contrario, aquellas personas demasiado inseguras que tienen dificultades para establecer relaciones sociales ocupando ese vac\u00edo con trabajo. Com\u00fanmente, desarrollan su patolog\u00eda en un ambiente de trabajo competitivo. Debido a la valoraci\u00f3n positiva de la sociedad con respecto a los trabajadores arduos, esta adicci\u00f3n es dif\u00edcil de detectar ya que supone generosidad y sacrificio para la subsistencia y el progreso. A su vez, para contrarrestar las consecuencias de la falta de tiempo libre, los adictos al trabajo suelen recurrir tambi\u00e9n a otras sustancias como el alcohol, el caf\u00e9 o los ansiol\u00edticos.<br \/><br \/>El tratamiento contra la adicci\u00f3n al trabajo se trata mediante las diversas psicoterapias, como las terapias individuales o grupales, familiares y\/o de pareja, etc. Se busca contener al paciente en un entorno m\u00e1s relajado al que est\u00e1 habituado, reconocer los problemas que el exceso conlleva y porqu\u00e9 \u00e9ste es provocado, y reorganizar las tareas de la persona. No consiste en dejar la actividad laboral para siempre, si no que se le propone al paciente reducirla para dedicarle m\u00e1s tiempo a sus relaciones familiares y sociales. Tambi\u00e9n es importante la recuperaci\u00f3n f\u00edsica del adicto para disminuir los riesgos de enfermedades graves.<\/div><\/div>\t\t\t\t\t\t\t\t<\/div>\n\t\t\t\t<\/div>\n\t\t\t\t<div class=\"elementor-element elementor-element-93726dc elementor-widget__width-initial elementor-widget elementor-widget-heading\" data-id=\"93726dc\" data-element_type=\"widget\" data-e-type=\"widget\" data-widget_type=\"heading.default\">\n\t\t\t\t<div class=\"elementor-widget-container\">\n\t\t\t\t\t<h2 class=\"elementor-heading-title elementor-size-default\">Adicci\u00f3n a las compras\n:\n<\/h2>\t\t\t\t<\/div>\n\t\t\t\t<\/div>\n\t\t\t\t<div class=\"elementor-element elementor-element-0650165 elementor-widget elementor-widget-text-editor\" data-id=\"0650165\" data-element_type=\"widget\" data-e-type=\"widget\" data-widget_type=\"text-editor.default\">\n\t\t\t\t<div class=\"elementor-widget-container\">\n\t\t\t\t\t\t\t\t\t<div class=\"column mcb-column one column_column column-margin-\"><div class=\"column_attr clearfix align_center\">La adicci\u00f3n a las compras se refiere al deseo compulsivo de comprar cosas, aunque \u00e9stas no sean una necesidad. Al igual que la adicci\u00f3n al trabajo, esta adicci\u00f3n es relativamente nueva y es generada en la sociedad de consumo en la que vivimos actualmente. Tambi\u00e9n se la llama la enfermedad invisible porque puede pasar desapercibida como un simple capricho o frivolidad, mientras que por el contrario, el comprador compulsivo se encuentra bajo una depresi\u00f3n profunda. Esta enfermedad se da mayormente entre mujeres y j\u00f3venes.<br \/><br \/>Los adictos consideran al consumo como una forma de hallar la felicidad, pero al comprar empiezan los sentimientos de culpa por el gasto indebido. En el caso de no poder ir nuevamente de compras para calmar la ansiedad, caen en la depresi\u00f3n, generando un c\u00edrculo vicioso. La compra compulsiva es una necesidad incontrolada que si no es satisfecha genera irritabilidad a la persona. El placer de comprar se transforma en una adicci\u00f3n cuando se compran cosas presuntamente necesarias, y al darse cuenta que no lo son, igualmente se quieren m\u00e1s. El adicto compra productos a los que probablemente nunca d\u00e9 uso, y que en muchos casos oculta de sus familiares generando situaciones de enga\u00f1os y deudas.<br \/><br \/>Las causas que generan la adicci\u00f3n a las compras pueden ser:<br \/><br \/>Insatisfacci\u00f3n personal<br \/>Sensaci\u00f3n de aburrimiento o depresi\u00f3n.<br \/>Vulnerabilidad hacia la publicidad consumista.<br \/>Impulsividad, ansiedad.<br \/>Bajo autoestima, desconfianza, inseguridad.<br \/><br \/>Para el tratamiento de esta adicci\u00f3n se utilizan terapias cognitivo- conductuales, terapias individuales, grupales, familiares y\/o de pareja. Es fundamental para comenzar el tratamiento que el paciente entienda que padece una adicci\u00f3n ya que la motivaci\u00f3n del mismo influye en el desarrollo del tratamiento. El objetivo es encontrar los motivos que lo llevan a consumir impulsivamente y orientarlo hacia una nueva conducta.<\/div><\/div>\t\t\t\t\t\t\t\t<\/div>\n\t\t\t\t<\/div>\n\t\t\t\t<div class=\"elementor-element elementor-element-478ac7c elementor-widget__width-initial elementor-widget elementor-widget-heading\" data-id=\"478ac7c\" data-element_type=\"widget\" data-e-type=\"widget\" data-widget_type=\"heading.default\">\n\t\t\t\t<div class=\"elementor-widget-container\">\n\t\t\t\t\t<h2 class=\"elementor-heading-title elementor-size-default\">Adicci\u00f3n al Amor\n:\n<\/h2>\t\t\t\t<\/div>\n\t\t\t\t<\/div>\n\t\t\t\t<div class=\"elementor-element elementor-element-b80fcb4 elementor-widget elementor-widget-text-editor\" data-id=\"b80fcb4\" data-element_type=\"widget\" data-e-type=\"widget\" data-widget_type=\"text-editor.default\">\n\t\t\t\t<div class=\"elementor-widget-container\">\n\t\t\t\t\t\t\t\t\t<div class=\"column mcb-column one column_column column-margin-\"><div class=\"column_attr clearfix align_center\">La adicci\u00f3n al amor o codependencia se refiere a la obsesi\u00f3n que se puede padecer hacia una persona, hacia una relaci\u00f3n o hacia el romance. En el primer caso, puede ser tanto una pareja como un hijo o un padre. El adicto siente que no puede vivir independientemente de la otra persona y lo lleva a tener actitudes posesivas. Es posible que la dependencia sea mutua y sea pr\u00e1cticamente imposible el desarrollo personal. Las personas adictas a la idea de estar en una relaci\u00f3n no se preocupan tanto por qui\u00e9n sea la persona, si no por tener pareja en s\u00ed. Pueden cambiar de pareja constantemente, o por el contrario, aferrarse a relaciones negativas. Por \u00faltimo, hay personas adictas a los romances pasajeros, aventuras apasionadas, etc. Les interesa la seducci\u00f3n y la conquista, pero al poco tiempo se cansan (como el cl\u00e1sico Don Juan). Puede ser resultado de la fantas\u00eda, de la inmadurez o del subdesarrollo afectivo.<br \/><br \/>Los adictos tienden a idealizar a la otra persona hasta convertirlos en un ser divino y se vuelven incapaces de disociar la realidad de su situaci\u00f3n. Creen que la felicidad solo puede alcanzarse junto con la otra persona, por lo cual se ilusionan y proyectan futuros. El proceso de enamoramiento en estos casos generalmente ocurre muy r\u00e1pido, como un \u201cflechazo amoroso\u201d. Los adictos confunden deseo y amor con dependencia y adicci\u00f3n.<br \/><br \/>El problema radica en que el adicto, al ser capaz de entregar todo por la otra persona, niega sus propias necesidades y deseos. Asimismo, oculta sus sentimientos de dolor, rabia o sufrimiento por ser considerados como una posible causa de perder a su pareja. Es por eso que, a\u00fan en situaciones de violencia o de conflictos, los adictos al amor hacen todo lo posible para mantener la paz y evitan la confrontaci\u00f3n. El mayor miedo es el miedo al abandono, as\u00ed como tambi\u00e9n el miedo a ser independientes. La propia represi\u00f3n de sentimientos conlleva a la necesidad de vivir a trav\u00e9s de los sentimientos del otro. Sin embargo, los adictos nunca se sienten satisfechos con la devoluci\u00f3n de amor; constantemente desean y piden m\u00e1s. Como viven a trav\u00e9s de la vida de su pareja, creen que poseen control sobre ella e intentan perfeccionarla.<br \/><br \/>Los adictos al romance o al sexo se caracterizan por tener conductas impulsivas y agresivas, falta de autocontrol, problemas de adaptaci\u00f3n social e insatisfacci\u00f3n. Es frecuente el contacto con personas desconocidas con tal de mantener el anonimato, lo cual implica un peligro por el contagio de enfermedades ven\u00e9reas como el HIV. El aumento de encuentros r\u00e1pidos y casuales promueve los enga\u00f1os y mentiras que acarrean sentimientos de culpa y desesperaci\u00f3n.<br \/><br \/>En el tratamiento de esta adicci\u00f3n es imprescindible empezar por el reconocimiento de la enfermedad y de los pensamientos y sensaciones asociados a la adicci\u00f3n. Las estrategias cognitivas, terapias grupales, de familia\/ de pareja, tienen por objetivo aprender habilidades para mantener la abstinencia y modificar las creencias y pensamientos err\u00f3neos que los pacientes tienen acerca del amor y las relaciones.<\/div><\/div>\t\t\t\t\t\t\t\t<\/div>\n\t\t\t\t<\/div>\n\t\t\t\t<div class=\"elementor-element elementor-element-2e57cec elementor-widget__width-initial elementor-widget elementor-widget-heading\" data-id=\"2e57cec\" data-element_type=\"widget\" data-e-type=\"widget\" data-widget_type=\"heading.default\">\n\t\t\t\t<div class=\"elementor-widget-container\">\n\t\t\t\t\t<h2 class=\"elementor-heading-title elementor-size-default\">Tecnoadicci\u00f3n:\n<\/h2>\t\t\t\t<\/div>\n\t\t\t\t<\/div>\n\t\t\t\t<div class=\"elementor-element elementor-element-4c2fc89 elementor-widget elementor-widget-text-editor\" data-id=\"4c2fc89\" data-element_type=\"widget\" data-e-type=\"widget\" data-widget_type=\"text-editor.default\">\n\t\t\t\t<div class=\"elementor-widget-container\">\n\t\t\t\t\t\t\t\t\t<div class=\"column mcb-column one column_column column-margin-\"><div class=\"column_attr clearfix align_center\">Las tecnoadicciones o ciberadicciones se refieren al abuso de determinados dispositivos o servicios tecnol\u00f3gicos. \u00c9stos incluyen la adicci\u00f3n a Internet, a los tel\u00e9fonos m\u00f3viles, a los videojuegos y a la televisi\u00f3n. Debido a que estas nuevas tecnolog\u00edas son elementos de uso cotidiano, es dif\u00edcil determinar el l\u00edmite entre el uso necesario y el uso adictivo. La adicci\u00f3n se presenta cuando una persona las utiliza por una gran cantidad de tiempo innecesario, renunciando a sus actividades sociales o laborales, y en el caso de intentar disminuir su uso, fracasa.<br \/><br \/>Estos elementos proveen una cantidad de comodidades que contribuyen a sus caracter\u00edsticas de volverse adictivos. Por ejemplo, Internet ofrece la posibilidad de mentir acerca de uno mismo, lo cual atrae aquellas personas que sufren de baja autoestima o inseguridad. Permiten obtener informaci\u00f3n y entretenimientos sin l\u00edmites o contactar a cualquier persona inmediatamente. Son formas de distracci\u00f3n y escape de la vida cotidiana que atraen especialmente a j\u00f3venes, aunque tambi\u00e9n hay casos de adultos tecnoadictos.<br \/><br \/><b>Internet<\/b><br \/><br \/>Las personas adictas a Internet utilizan excesivamente su tiempo en cualquier tipo de actividad online, ya sea individual o de interacci\u00f3n con otros usuarios. Existen muchos tipos de adicciones a Internet debido a la inmensa cantidad de posibilidades que este servicio ofrece. Las adicciones m\u00e1s problem\u00e1ticas son las relacionadas con el cibersexo, juegos online o las compras. Tambi\u00e9n existen adicciones a blogs, redes sociales, chats, etc. Su uso incontrolable tiene efectos en las relaciones sociales del adicto ya que promueve el aislamiento. Conlleva problemas alimenticios, ansiedad, depresi\u00f3n y d\u00e9ficit de atenci\u00f3n. Al igual que muchas adicciones, con el tiempo el adicto necesita dosis de uso cada vez mayores.<br \/><br \/><b>Tel\u00e9fonos m\u00f3viles<\/b><br \/><br \/>La necesidad de estar constantemente comunicado a trav\u00e9s de la ultima versi\u00f3n tecnol\u00f3gica disponible en el mercado puede convertirse en una adicci\u00f3n cuando la persona no puede separarse de su celular y se siente irritado en el caso de perderlo, olvidarlo o no poseer dinero o cr\u00e9dito para el funcionamiento de la l\u00ednea. El uso excesivo de los tel\u00e9fonos m\u00f3viles puede provocar ansiedad, dispersi\u00f3n, intolerancia, falta de sue\u00f1o, etc. En casos extremos, algunas personas pueden llegar a recurrir a actos ilegales para financiar su adicci\u00f3n ya que las llamadas, SMS, o descargas implican costos econ\u00f3micos altos si no se posee una tarifa plana. Los j\u00f3venes son los m\u00e1s afectados por esta tecnoadiccion. Es frecuente la sensaci\u00f3n de que el \u00faltimo modelo de telefon\u00eda les otorga una cierta posici\u00f3n social y mejora su autoestima.<br \/><br \/><b>Videojuegos<\/b><br \/><br \/>El uso compulsivo de juegos de consola, ordenador, m\u00f3vil u online, ya sean individuales o de interacci\u00f3n con otros usuarios jugadores, constituye una de las adicciones tecnol\u00f3gicas actuales m\u00e1s frecuentes. Est\u00e1 directamente relacionada con los jugadores compulsivos y sus efectos son pr\u00e1cticamente los mismos. Los adictos a los videojuegos se vuelven obsesivos, aislados e intolerantes.<br \/><br \/>Los jugadores se convierten en adictos cuando empiezan a sentir demasiada tensi\u00f3n, cuando se concentran tanto en el juego que no apartan la vista de la pantalla, y cuando pierden el inter\u00e9s por otras actividades (tanto de entretenimiento como laborales y sociales) y la noci\u00f3n del tiempo.<br \/><br \/><b>Televisi\u00f3n<\/b><br \/><br \/>Cuando el mirar televisi\u00f3n deja de ser un momento de distracci\u00f3n o de entretenimiento, para convertirse en una obsesi\u00f3n a la cual se le dedica m\u00e1s de 3 horas por d\u00eda, se puede afirmar que estamos ante la presencia de una adicci\u00f3n. La televisi\u00f3n act\u00faa como un tranquilizante para el cuerpo humano; provoca somnolencia. Luego de una larga exposici\u00f3n tambi\u00e9n es com\u00fan que provoque depresi\u00f3n. Su uso no s\u00f3lo rompe la comunicaci\u00f3n interpersonal, si no que preocupa actualmente los contenidos violentos y sexuales que son permitidos mostrar en muchos programas. El adicto a la televisi\u00f3n descuida sus compromisos ocupacionales, sociales y familiares prefiriendo permanecer aislado de la vida real.<\/div><\/div>\t\t\t\t\t\t\t\t<\/div>\n\t\t\t\t<\/div>\n\t\t\t\t\t<\/div>\n\t\t\t\t<\/div>\n\t\t\t\t<\/div>\n\t\t","protected":false},"excerpt":{"rendered":"<p>Adicci\u00f3n al Trabajo Adicci\u00f3n al Amor Adicci\u00f3n a las Compras Tecnoadicciones Adicci\u00f3n al Trabajo : La adicci\u00f3n al trabajo es un trastorno caracterizado por la progresiva y excesiva carga de actividad laboral de una persona, perdiendo el equilibrio necesario entre el trabajo y el tiempo libre para una vida sana. En las \u00faltimas d\u00e9cadas, la &#8230; <a title=\"Otras Adicciones\" class=\"read-more\" href=\"https:\/\/manantialesusa.org\/index.php\/otras-adicciones\/\" aria-label=\"Leer m\u00e1s sobre Otras Adicciones\">Leer m\u00e1s<\/a><\/p>\n","protected":false},"author":1,"featured_media":0,"parent":0,"menu_order":0,"comment_status":"closed","ping_status":"closed","template":"elementor_header_footer","meta":{"footnotes":""},"class_list":["post-272","page","type-page","status-publish"],"_links":{"self":[{"href":"https:\/\/manantialesusa.org\/index.php\/wp-json\/wp\/v2\/pages\/272","targetHints":{"allow":["GET"]}}],"collection":[{"href":"https:\/\/manantialesusa.org\/index.php\/wp-json\/wp\/v2\/pages"}],"about":[{"href":"https:\/\/manantialesusa.org\/index.php\/wp-json\/wp\/v2\/types\/page"}],"author":[{"embeddable":true,"href":"https:\/\/manantialesusa.org\/index.php\/wp-json\/wp\/v2\/users\/1"}],"replies":[{"embeddable":true,"href":"https:\/\/manantialesusa.org\/index.php\/wp-json\/wp\/v2\/comments?post=272"}],"version-history":[{"count":0,"href":"https:\/\/manantialesusa.org\/index.php\/wp-json\/wp\/v2\/pages\/272\/revisions"}],"wp:attachment":[{"href":"https:\/\/manantialesusa.org\/index.php\/wp-json\/wp\/v2\/media?parent=272"}],"curies":[{"name":"wp","href":"https:\/\/api.w.org\/{rel}","templated":true}]}}