{"id":270,"date":"2023-10-16T03:44:40","date_gmt":"2023-10-16T01:44:40","guid":{"rendered":"https:\/\/manantialesusa.org\/?page_id=270"},"modified":"2024-07-31T22:55:25","modified_gmt":"2024-07-31T20:55:25","slug":"juego-compulsivo","status":"publish","type":"page","link":"https:\/\/manantialesusa.org\/index.php\/juego-compulsivo\/","title":{"rendered":"Juego Compulsivo"},"content":{"rendered":"\t\t<div data-elementor-type=\"wp-page\" data-elementor-id=\"270\" class=\"elementor elementor-270\" data-elementor-post-type=\"page\">\n\t\t\t\t<div class=\"elementor-element elementor-element-c19815d e-con-full e-flex elementor-invisible e-con e-parent\" data-id=\"c19815d\" data-element_type=\"container\" data-e-type=\"container\" data-settings=\"{&quot;background_background&quot;:&quot;classic&quot;,&quot;animation&quot;:&quot;fadeIn&quot;}\">\n\t\t\t\t<\/div>\n\t\t<div class=\"elementor-element elementor-element-de502c1 e-flex e-con-boxed elementor-invisible e-con e-parent\" data-id=\"de502c1\" data-element_type=\"container\" data-e-type=\"container\" data-settings=\"{&quot;background_background&quot;:&quot;gradient&quot;,&quot;animation&quot;:&quot;fadeIn&quot;}\">\n\t\t\t\t\t<div class=\"e-con-inner\">\n\t\t\t\t\t<\/div>\n\t\t\t\t<\/div>\n\t\t<div class=\"elementor-element elementor-element-fb78191 e-flex e-con-boxed e-con e-parent\" data-id=\"fb78191\" data-element_type=\"container\" data-e-type=\"container\">\n\t\t\t\t\t<div class=\"e-con-inner\">\n\t\t\t\t<div class=\"elementor-element elementor-element-941bf0f elementor-widget elementor-widget-text-editor\" data-id=\"941bf0f\" data-element_type=\"widget\" data-e-type=\"widget\" data-widget_type=\"text-editor.default\">\n\t\t\t\t<div class=\"elementor-widget-container\">\n\t\t\t\t\t\t\t\t\t<div class=\"column mcb-column one column_column column-margin-\"><div class=\"column_attr clearfix align_center\">El juego compulsivo o ludopat\u00eda es la enfermedad caracterizada por el impulso incontrolable a jugar, es decir, cualquier tipo de actividad en que la persona pone algo de valor en riesgo sobre las bases de un resultado desconocido. Al no provocar s\u00edntomas f\u00edsicos, debido a que genera \u00fanicamente una dependencia psicol\u00f3gica, se conoce a esta enfermedad como \u201cla adicci\u00f3n invisible\u201d. El juego se vuelve una adicci\u00f3n cuando provoca conflictos familiares, emocionales, legales o financieros, y la persona contin\u00faa apostando igualmente. El jugador precisa de la sensaci\u00f3n de ganar, aunque este no sea el caso la mayor de las veces.<br \/><br \/>Este desorden de salud mental de control de los impulsos se da cuando la persona piensa constantemente en el juego, aumenta sus apuestas a modo de mantener la emoci\u00f3n, y cree que para recuperar el dinero perdido la mejor soluci\u00f3n es continuar jugando. Es com\u00fan que el adicto mienta para esconder que ocupa su tiempo apostando por verg\u00fcenza, y en el extremo cuando ya no posee dinero para apostar recurre a actos ilegales para conseguirlo. La violencia en el hogar, dejar los estudios y la p\u00e9rdida de trabajo son consecuencias casi inmediatas del juego compulsivo. De esta manera, no s\u00f3lo arriesga sus pertenencias sino que tambi\u00e9n todas sus relaciones interpersonales. Al igual que el alcoholismo, el jugador se vuelve tolerante a la cantidad en juego. Esto quiere decir que cada vez siente la necesidad de apostar m\u00e1s cosas para sentirse satisfecho.<br \/><br \/>El tratamiento para los jugadores compulsivos empieza por reconocer que tienen una enfermedad. La negaci\u00f3n es una caracter\u00edstica de todas las adicciones, y es por eso que al aceptarlo, los pacientes ya est\u00e1n dando un primer paso hacia la recuperaci\u00f3n.<\/div><\/div>\t\t\t\t\t\t\t\t<\/div>\n\t\t\t\t<\/div>\n\t\t\t\t<div class=\"elementor-element elementor-element-7ed6625 elementor-widget__width-initial elementor-widget elementor-widget-heading\" data-id=\"7ed6625\" data-element_type=\"widget\" data-e-type=\"widget\" data-widget_type=\"heading.default\">\n\t\t\t\t<div class=\"elementor-widget-container\">\n\t\t\t\t\t<h2 class=\"elementor-heading-title elementor-size-default\">Las posibilidades de tratamiento incluyen\n<\/h2>\t\t\t\t<\/div>\n\t\t\t\t<\/div>\n\t\t\t\t<div class=\"elementor-element elementor-element-bb27120 elementor-widget elementor-widget-text-editor\" data-id=\"bb27120\" data-element_type=\"widget\" data-e-type=\"widget\" data-widget_type=\"text-editor.default\">\n\t\t\t\t<div class=\"elementor-widget-container\">\n\t\t\t\t\t\t\t\t\t<div class=\"column mcb-column one column_column column-margin-\"><div class=\"column_attr clearfix align_center\"><div class=\"section mcb-section \"><div class=\"section_wrapper mcb-section-inner\"><div class=\"wrap mcb-wrap one valign-top clearfix\"><div class=\"mcb-wrap-inner\"><div class=\"column mcb-column one column_column column-margin-\"><div class=\"column_attr clearfix align_justify\"><b>Terapias individuales:\u00a0<\/b>el paciente se informa mejor acerca de su enfermedad, investiga las causas que lo llevan a jugar y lo relaciona con las dificultades de su vida cotidiana. Se busca mejorar el manejo de sus problemas y de su calidad de vida.<br \/><br \/><b>Terapias cognitivas conductuales:<\/b>\u00a0el paciente enfrenta directamente su conducta adictiva. Junto con el terapeuta, descubre que sus pensamientos y sentimientos hacia el juego son irracionales, y de este modo, se favorece su abandono<br \/><br \/><b>Terapia familiar\/de pareja:<\/b>\u00a0su objetivo es mejorar las relaciones \u00edntimas del paciente ya que su problema afecta tambi\u00e9n al resto de la familia. Es necesario transformar la cr\u00edtica destructiva que tiene la familia con respecto a la enfermedad en una cr\u00edtica constructiva para encontrarle una soluci\u00f3n.<br \/><br \/><b>Grupos de apoyo:<\/b>\u00a0se comparten experiencias y responsabilidades entre jugadores recuperados y los que todav\u00eda se encuentran en tratamiento, para que el paciente se sienta acompa\u00f1ado por alguien que vivi\u00f3 una situaci\u00f3n similar a la suya, y le brinde fuerza y esperanza.<\/div><\/div><\/div><\/div><\/div><\/div><\/div><\/div>\t\t\t\t\t\t\t\t<\/div>\n\t\t\t\t<\/div>\n\t\t\t\t\t<\/div>\n\t\t\t\t<\/div>\n\t\t\t\t<\/div>\n\t\t","protected":false},"excerpt":{"rendered":"<p>El juego compulsivo o ludopat\u00eda es la enfermedad caracterizada por el impulso incontrolable a jugar, es decir, cualquier tipo de actividad en que la persona pone algo de valor en riesgo sobre las bases de un resultado desconocido. Al no provocar s\u00edntomas f\u00edsicos, debido a que genera \u00fanicamente una dependencia psicol\u00f3gica, se conoce a esta &#8230; <a title=\"Juego Compulsivo\" class=\"read-more\" href=\"https:\/\/manantialesusa.org\/index.php\/juego-compulsivo\/\" aria-label=\"Leer m\u00e1s sobre Juego Compulsivo\">Leer m\u00e1s<\/a><\/p>\n","protected":false},"author":1,"featured_media":0,"parent":0,"menu_order":0,"comment_status":"closed","ping_status":"closed","template":"elementor_header_footer","meta":{"footnotes":""},"class_list":["post-270","page","type-page","status-publish"],"_links":{"self":[{"href":"https:\/\/manantialesusa.org\/index.php\/wp-json\/wp\/v2\/pages\/270","targetHints":{"allow":["GET"]}}],"collection":[{"href":"https:\/\/manantialesusa.org\/index.php\/wp-json\/wp\/v2\/pages"}],"about":[{"href":"https:\/\/manantialesusa.org\/index.php\/wp-json\/wp\/v2\/types\/page"}],"author":[{"embeddable":true,"href":"https:\/\/manantialesusa.org\/index.php\/wp-json\/wp\/v2\/users\/1"}],"replies":[{"embeddable":true,"href":"https:\/\/manantialesusa.org\/index.php\/wp-json\/wp\/v2\/comments?post=270"}],"version-history":[{"count":0,"href":"https:\/\/manantialesusa.org\/index.php\/wp-json\/wp\/v2\/pages\/270\/revisions"}],"wp:attachment":[{"href":"https:\/\/manantialesusa.org\/index.php\/wp-json\/wp\/v2\/media?parent=270"}],"curies":[{"name":"wp","href":"https:\/\/api.w.org\/{rel}","templated":true}]}}