{"id":264,"date":"2023-10-16T03:43:15","date_gmt":"2023-10-16T01:43:15","guid":{"rendered":"https:\/\/manantialesusa.org\/?page_id=264"},"modified":"2024-07-31T22:56:48","modified_gmt":"2024-07-31T20:56:48","slug":"alcoholismo","status":"publish","type":"page","link":"https:\/\/manantialesusa.org\/index.php\/alcoholismo\/","title":{"rendered":"Alcoholismo"},"content":{"rendered":"\t\t<div data-elementor-type=\"wp-page\" data-elementor-id=\"264\" class=\"elementor elementor-264\" data-elementor-post-type=\"page\">\n\t\t\t\t<div class=\"elementor-element elementor-element-32338cf e-con-full e-flex elementor-invisible e-con e-parent\" data-id=\"32338cf\" data-element_type=\"container\" data-e-type=\"container\" data-settings=\"{&quot;background_background&quot;:&quot;classic&quot;,&quot;animation&quot;:&quot;fadeIn&quot;}\">\n\t\t\t\t<\/div>\n\t\t<div class=\"elementor-element elementor-element-df59ddb e-flex e-con-boxed elementor-invisible e-con e-parent\" data-id=\"df59ddb\" data-element_type=\"container\" data-e-type=\"container\" data-settings=\"{&quot;background_background&quot;:&quot;gradient&quot;,&quot;animation&quot;:&quot;fadeIn&quot;}\">\n\t\t\t\t\t<div class=\"e-con-inner\">\n\t\t\t\t\t<\/div>\n\t\t\t\t<\/div>\n\t\t<div class=\"elementor-element elementor-element-a808f8e e-flex e-con-boxed elementor-invisible e-con e-parent\" data-id=\"a808f8e\" data-element_type=\"container\" data-e-type=\"container\" data-settings=\"{&quot;animation&quot;:&quot;fadeIn&quot;}\">\n\t\t\t\t\t<div class=\"e-con-inner\">\n\t\t\t\t<div class=\"elementor-element elementor-element-edb6370 elementor-widget__width-initial elementor-widget elementor-widget-heading\" data-id=\"edb6370\" data-element_type=\"widget\" data-e-type=\"widget\" data-widget_type=\"heading.default\">\n\t\t\t\t<div class=\"elementor-widget-container\">\n\t\t\t\t\t<h2 class=\"elementor-heading-title elementor-size-default\">Tratamientos de avanzada y grupos de alcoh\u00f3licos recuperados.\nNosotros tambi\u00e9n estuvimos ah\u00ed. Si Alcoh\u00f3licos An\u00f3nimos no te dio resultados o no te es suficiente, podemos ayudarte.<\/h2>\t\t\t\t<\/div>\n\t\t\t\t<\/div>\n\t\t\t\t<div class=\"elementor-element elementor-element-9cfad10 elementor-widget elementor-widget-text-editor\" data-id=\"9cfad10\" data-element_type=\"widget\" data-e-type=\"widget\" data-widget_type=\"text-editor.default\">\n\t\t\t\t<div class=\"elementor-widget-container\">\n\t\t\t\t\t\t\t\t\t<div class=\"column mcb-column one column_column  column-margin-\"><div class=\"column_attr clearfix align_center\">El alcoholismo es una enfermedad caracterizada por la dependencia f\u00edsica hacia el alcohol. Un alcoh\u00f3lico no posee control sobre su consumo y su grado de tolerancia al alcohol suele ir aumentando. Cuando su ingesta es interrumpida (de 12 a 24 sin beber), se manifiestan los s\u00edntomas de abstinencia. Estos s\u00edntomas son como una resaca pero de mayor duraci\u00f3n e intensidad (dolor de cabeza, deshidrataci\u00f3n, n\u00e1useas, debilidad, escalofr\u00edos). Las causas del alcoholismo son muy variadas; dependen de las condiciones socioculturales de cada persona. Entre ellas se pueden distinguir la ansiedad, la depresi\u00f3n, la inseguridad, los conflictos en relaciones interpersonales y la facilidad para conseguir el alcohol debido a la aceptaci\u00f3n social de su consumo.<\/div><\/div><div class=\"column mcb-column one column_column  column-margin-\"><div class=\"column_attr clearfix align_justify\"><br \/>En el tratamiento del alcoholismo es muy importante la motivaci\u00f3n del paciente y del terapeuta para conseguir la abstinencia, y en ella se pueden describir varias fases. La primera fase es la de contacto inicial, en la que es fundamental conseguir una buena relaci\u00f3n para un favorable desarrollo del tratamiento. En la segunda se realiza el tratamiento del s\u00edndrome de abstinencia (mal llamada \u201cfase de desintoxicaci\u00f3n\u201d). La \u00faltima fase es la de consolidaci\u00f3n y mantenimiento de la abstinencia o de deshabituaci\u00f3n, y es precisamente en esta fase cuando las t\u00e9cnicas psicoterap\u00e9uticas se utilizan de manera preponderante.<\/div><\/div>\t\t\t\t\t\t\t\t<\/div>\n\t\t\t\t<\/div>\n\t\t\t\t<div class=\"elementor-element elementor-element-99cd657 elementor-align-center elementor-widget elementor-widget-button\" data-id=\"99cd657\" data-element_type=\"widget\" data-e-type=\"widget\" data-widget_type=\"button.default\">\n\t\t\t\t<div class=\"elementor-widget-container\">\n\t\t\t\t\t\t\t\t\t<div class=\"elementor-button-wrapper\">\n\t\t\t\t\t<a class=\"elementor-button elementor-button-link elementor-size-sm elementor-animation-shrink\" href=\"#\">\n\t\t\t\t\t\t<span class=\"elementor-button-content-wrapper\">\n\t\t\t\t\t\t\t\t\t<span class=\"elementor-button-text\">M\u00e1s info sobre tratamientos<\/span>\n\t\t\t\t\t<\/span>\n\t\t\t\t\t<\/a>\n\t\t\t\t<\/div>\n\t\t\t\t\t\t\t\t<\/div>\n\t\t\t\t<\/div>\n\t\t\t\t<div class=\"elementor-element elementor-element-a693f40 elementor-align-center elementor-widget elementor-widget-button\" data-id=\"a693f40\" data-element_type=\"widget\" data-e-type=\"widget\" data-widget_type=\"button.default\">\n\t\t\t\t<div class=\"elementor-widget-container\">\n\t\t\t\t\t\t\t\t\t<div class=\"elementor-button-wrapper\">\n\t\t\t\t\t<a class=\"elementor-button elementor-button-link elementor-size-sm\" href=\"#\">\n\t\t\t\t\t\t<span class=\"elementor-button-content-wrapper\">\n\t\t\t\t\t\t\t\t\t<span class=\"elementor-button-text\">La instituci\u00f3n mas<br> recomendada por<br> la comunidad m\u00e9dica<\/span>\n\t\t\t\t\t<\/span>\n\t\t\t\t\t<\/a>\n\t\t\t\t<\/div>\n\t\t\t\t\t\t\t\t<\/div>\n\t\t\t\t<\/div>\n\t\t\t\t\t<\/div>\n\t\t\t\t<\/div>\n\t\t\t\t<\/div>\n\t\t","protected":false},"excerpt":{"rendered":"<p>Tratamientos de avanzada y grupos de alcoh\u00f3licos recuperados. Nosotros tambi\u00e9n estuvimos ah\u00ed. Si Alcoh\u00f3licos An\u00f3nimos no te dio resultados o no te es suficiente, podemos ayudarte. El alcoholismo es una enfermedad caracterizada por la dependencia f\u00edsica hacia el alcohol. Un alcoh\u00f3lico no posee control sobre su consumo y su grado de tolerancia al alcohol suele &#8230; <a title=\"Alcoholismo\" class=\"read-more\" href=\"https:\/\/manantialesusa.org\/index.php\/alcoholismo\/\" aria-label=\"Leer m\u00e1s sobre Alcoholismo\">Leer m\u00e1s<\/a><\/p>\n","protected":false},"author":1,"featured_media":0,"parent":0,"menu_order":0,"comment_status":"closed","ping_status":"closed","template":"elementor_header_footer","meta":{"footnotes":""},"class_list":["post-264","page","type-page","status-publish"],"_links":{"self":[{"href":"https:\/\/manantialesusa.org\/index.php\/wp-json\/wp\/v2\/pages\/264","targetHints":{"allow":["GET"]}}],"collection":[{"href":"https:\/\/manantialesusa.org\/index.php\/wp-json\/wp\/v2\/pages"}],"about":[{"href":"https:\/\/manantialesusa.org\/index.php\/wp-json\/wp\/v2\/types\/page"}],"author":[{"embeddable":true,"href":"https:\/\/manantialesusa.org\/index.php\/wp-json\/wp\/v2\/users\/1"}],"replies":[{"embeddable":true,"href":"https:\/\/manantialesusa.org\/index.php\/wp-json\/wp\/v2\/comments?post=264"}],"version-history":[{"count":0,"href":"https:\/\/manantialesusa.org\/index.php\/wp-json\/wp\/v2\/pages\/264\/revisions"}],"wp:attachment":[{"href":"https:\/\/manantialesusa.org\/index.php\/wp-json\/wp\/v2\/media?parent=264"}],"curies":[{"name":"wp","href":"https:\/\/api.w.org\/{rel}","templated":true}]}}