{"id":262,"date":"2023-10-16T03:42:48","date_gmt":"2023-10-16T01:42:48","guid":{"rendered":"https:\/\/manantialesusa.org\/?page_id=262"},"modified":"2024-07-31T22:57:07","modified_gmt":"2024-07-31T20:57:07","slug":"drogadiccion","status":"publish","type":"page","link":"https:\/\/manantialesusa.org\/index.php\/drogadiccion\/","title":{"rendered":"Drogadicci\u00f3n"},"content":{"rendered":"\t\t<div data-elementor-type=\"wp-page\" data-elementor-id=\"262\" class=\"elementor elementor-262\" data-elementor-post-type=\"page\">\n\t\t\t\t<div class=\"elementor-element elementor-element-a18fc2a e-con-full e-flex elementor-invisible e-con e-parent\" data-id=\"a18fc2a\" data-element_type=\"container\" data-e-type=\"container\" data-settings=\"{&quot;background_background&quot;:&quot;classic&quot;,&quot;animation&quot;:&quot;fadeIn&quot;}\">\n\t\t\t\t<\/div>\n\t\t<div class=\"elementor-element elementor-element-c863b44 e-flex e-con-boxed elementor-invisible e-con e-parent\" data-id=\"c863b44\" data-element_type=\"container\" data-e-type=\"container\" data-settings=\"{&quot;background_background&quot;:&quot;gradient&quot;,&quot;animation&quot;:&quot;fadeIn&quot;}\">\n\t\t\t\t\t<div class=\"e-con-inner\">\n\t\t\t\t\t<\/div>\n\t\t\t\t<\/div>\n\t\t<div class=\"elementor-element elementor-element-894629d e-flex e-con-boxed e-con e-parent\" data-id=\"894629d\" data-element_type=\"container\" data-e-type=\"container\">\n\t\t\t\t\t<div class=\"e-con-inner\">\n\t\t\t\t<div class=\"elementor-element elementor-element-c647720 elementor-widget elementor-widget-text-editor\" data-id=\"c647720\" data-element_type=\"widget\" data-e-type=\"widget\" data-widget_type=\"text-editor.default\">\n\t\t\t\t<div class=\"elementor-widget-container\">\n\t\t\t\t\t\t\t\t\t<p>La drogadicci\u00f3n es una enfermedad producida por el consumo compulsivo de cualquier sustancia que produzca dependencia afectando al sistema nervioso central; lo cual produce alteraciones en el funcionamiento corporal, el comportamiento, la percepci\u00f3n sensorial, el juicio y las emociones.<br \/><br \/>Los efectos de las drogas dependen del tipo de droga y de la cantidad y frecuencia con la que se consume. Existen ciertas drogas legales, como el tabaco o el alcohol, y otras ilegales, como la marihuana, la coca\u00edna, la hero\u00edna, etc. Sin embargo, todas se caracterizan com\u00fanmente porque al ingerirlas (pueden ser inyectadas, tragadas o fumadas) son transferidas hasta el cerebro por la sangre provocando as\u00ed un malfuncionamiento. Algunas pueden provocar excitaci\u00f3n, euforia, alucinaciones, mientras que, otras pueden relajar o distorsionar la realidad.<br \/><br \/>El consumo de drogas no s\u00f3lo conlleva riesgos en la salud de una persona, sino que tambi\u00e9n afecta su personalidad. Actualmente, cada vez son m\u00e1s los j\u00f3venes que recurren a las drogas como m\u00e9todo para \u00abdisfrutar m\u00e1s la vida\u00bb debido a los efectos descontrolados que \u00e9stas provocan. El problema est\u00e1 en que, si bien comienza siendo un consumo voluntario, luego de una exposici\u00f3n prolongada de la funci\u00f3n cerebral a la droga, la persona pierde la habilidad de decisi\u00f3n. As\u00ed es como el consumo de la droga se vuelve compulsivo.<\/p>\t\t\t\t\t\t\t\t<\/div>\n\t\t\t\t<\/div>\n\t\t\t\t<div class=\"elementor-element elementor-element-fe5fc67 elementor-widget elementor-widget-button\" data-id=\"fe5fc67\" data-element_type=\"widget\" data-e-type=\"widget\" data-widget_type=\"button.default\">\n\t\t\t\t<div class=\"elementor-widget-container\">\n\t\t\t\t\t\t\t\t\t<div class=\"elementor-button-wrapper\">\n\t\t\t\t\t<a class=\"elementor-button elementor-button-link elementor-size-sm\" href=\"#\">\n\t\t\t\t\t\t<span class=\"elementor-button-content-wrapper\">\n\t\t\t\t\t\t\t\t\t<span class=\"elementor-button-text\">M\u00e1s info sobre  tratamientos<\/span>\n\t\t\t\t\t<\/span>\n\t\t\t\t\t<\/a>\n\t\t\t\t<\/div>\n\t\t\t\t\t\t\t\t<\/div>\n\t\t\t\t<\/div>\n\t\t\t\t\t<\/div>\n\t\t\t\t<\/div>\n\t\t\t\t<\/div>\n\t\t","protected":false},"excerpt":{"rendered":"<p>La drogadicci\u00f3n es una enfermedad producida por el consumo compulsivo de cualquier sustancia que produzca dependencia afectando al sistema nervioso central; lo cual produce alteraciones en el funcionamiento corporal, el comportamiento, la percepci\u00f3n sensorial, el juicio y las emociones. Los efectos de las drogas dependen del tipo de droga y de la cantidad y frecuencia &#8230; <a title=\"Drogadicci\u00f3n\" class=\"read-more\" href=\"https:\/\/manantialesusa.org\/index.php\/drogadiccion\/\" aria-label=\"Leer m\u00e1s sobre Drogadicci\u00f3n\">Leer m\u00e1s<\/a><\/p>\n","protected":false},"author":1,"featured_media":0,"parent":0,"menu_order":0,"comment_status":"closed","ping_status":"closed","template":"elementor_header_footer","meta":{"footnotes":""},"class_list":["post-262","page","type-page","status-publish"],"_links":{"self":[{"href":"https:\/\/manantialesusa.org\/index.php\/wp-json\/wp\/v2\/pages\/262","targetHints":{"allow":["GET"]}}],"collection":[{"href":"https:\/\/manantialesusa.org\/index.php\/wp-json\/wp\/v2\/pages"}],"about":[{"href":"https:\/\/manantialesusa.org\/index.php\/wp-json\/wp\/v2\/types\/page"}],"author":[{"embeddable":true,"href":"https:\/\/manantialesusa.org\/index.php\/wp-json\/wp\/v2\/users\/1"}],"replies":[{"embeddable":true,"href":"https:\/\/manantialesusa.org\/index.php\/wp-json\/wp\/v2\/comments?post=262"}],"version-history":[{"count":0,"href":"https:\/\/manantialesusa.org\/index.php\/wp-json\/wp\/v2\/pages\/262\/revisions"}],"wp:attachment":[{"href":"https:\/\/manantialesusa.org\/index.php\/wp-json\/wp\/v2\/media?parent=262"}],"curies":[{"name":"wp","href":"https:\/\/api.w.org\/{rel}","templated":true}]}}