{"id":258,"date":"2023-10-16T03:42:02","date_gmt":"2023-10-16T01:42:02","guid":{"rendered":"https:\/\/manantialesusa.org\/?page_id=258"},"modified":"2024-07-31T21:39:03","modified_gmt":"2024-07-31T19:39:03","slug":"libros-de-ayuda-online","status":"publish","type":"page","link":"https:\/\/manantialesusa.org\/index.php\/libros-de-ayuda-online\/","title":{"rendered":"Libros de ayuda online"},"content":{"rendered":"\t\t<div data-elementor-type=\"wp-page\" data-elementor-id=\"258\" class=\"elementor elementor-258\" data-elementor-post-type=\"page\">\n\t\t\t\t<div class=\"elementor-element elementor-element-9973756 e-con-full e-flex elementor-invisible e-con e-parent\" data-id=\"9973756\" data-element_type=\"container\" data-e-type=\"container\" data-settings=\"{&quot;background_background&quot;:&quot;classic&quot;,&quot;animation&quot;:&quot;fadeIn&quot;}\">\n\t\t\t\t<\/div>\n\t\t<div class=\"elementor-element elementor-element-55a9aef e-flex e-con-boxed elementor-invisible e-con e-parent\" data-id=\"55a9aef\" data-element_type=\"container\" data-e-type=\"container\" data-settings=\"{&quot;background_background&quot;:&quot;gradient&quot;,&quot;animation&quot;:&quot;fadeIn&quot;}\">\n\t\t\t\t\t<div class=\"e-con-inner\">\n\t\t\t\t\t<\/div>\n\t\t\t\t<\/div>\n\t\t<div class=\"elementor-element elementor-element-4abe57c e-flex e-con-boxed e-con e-parent\" data-id=\"4abe57c\" data-element_type=\"container\" data-e-type=\"container\">\n\t\t\t\t\t<div class=\"e-con-inner\">\n\t\t<div class=\"elementor-element elementor-element-4f974ae e-con-full e-flex e-con e-child\" data-id=\"4f974ae\" data-element_type=\"container\" data-e-type=\"container\">\n\t\t\t\t<div class=\"elementor-element elementor-element-b4ea3ac elementor-widget__width-initial elementor-widget elementor-widget-heading\" data-id=\"b4ea3ac\" data-element_type=\"widget\" data-e-type=\"widget\" data-widget_type=\"heading.default\">\n\t\t\t\t<div class=\"elementor-widget-container\">\n\t\t\t\t\t<h2 class=\"elementor-heading-title elementor-size-default\">Guia para padres<\/h2>\t\t\t\t<\/div>\n\t\t\t\t<\/div>\n\t\t\t\t<\/div>\n\t\t<div class=\"elementor-element elementor-element-9dd0f7a e-con-full e-flex e-con e-child\" data-id=\"9dd0f7a\" data-element_type=\"container\" data-e-type=\"container\">\n\t\t\t\t<div class=\"elementor-element elementor-element-54de96e elementor-widget elementor-widget-image\" data-id=\"54de96e\" data-element_type=\"widget\" data-e-type=\"widget\" data-widget_type=\"image.default\">\n\t\t\t\t<div class=\"elementor-widget-container\">\n\t\t\t\t\t\t\t\t\t\t\t\t\t\t\t<img fetchpriority=\"high\" decoding=\"async\" width=\"197\" height=\"300\" src=\"https:\/\/manantialesusa.org\/wp-content\/uploads\/2024\/07\/libro-guia-197x300.jpg\" class=\"attachment-medium size-medium wp-image-889\" alt=\"\" srcset=\"https:\/\/manantialesusa.org\/wp-content\/uploads\/2024\/07\/libro-guia-197x300.jpg 197w, https:\/\/manantialesusa.org\/wp-content\/uploads\/2024\/07\/libro-guia.jpg 276w\" sizes=\"(max-width: 197px) 100vw, 197px\" \/>\t\t\t\t\t\t\t\t\t\t\t\t\t\t\t<\/div>\n\t\t\t\t<\/div>\n\t\t\t\t<\/div>\n\t\t<div class=\"elementor-element elementor-element-749ee37 e-con-full e-flex e-con e-child\" data-id=\"749ee37\" data-element_type=\"container\" data-e-type=\"container\">\n\t\t\t\t<div class=\"elementor-element elementor-element-ab3115b elementor-widget elementor-widget-text-editor\" data-id=\"ab3115b\" data-element_type=\"widget\" data-e-type=\"widget\" data-widget_type=\"text-editor.default\">\n\t\t\t\t<div class=\"elementor-widget-container\">\n\t\t\t\t\t\t\t\t\t<p>Las drogas se han convertido en un problema que salpica a toda la sociedad, no solo a los consumidores. Afecta a las familias de los adictos, a la comunidad m\u00e9dica, a la sociedad en general. Aunque los lazos afectivos entre padres e hijos se mantienen durante toda la vida, adquieren especial importancia en los movimientos cr\u00edticos.<br \/><br \/>Durante la adolescencia las personas son m\u00e1s vulnerables a las drogas, y en estas circustancias, son los padres los que mejor deben estar informados de las causas de la adicci\u00f3n de los hijos y de las pautas a seguir para superar este problema. Este libro destaca la importancia del apoyo dentro de la familia ya que con unos padres bien informados pueden realizar el trabajo preventivo m\u00e1s importante en la lucha contra la drogodependencia.<\/p>\t\t\t\t\t\t\t\t<\/div>\n\t\t\t\t<\/div>\n\t\t\t\t<div class=\"elementor-element elementor-element-cfb1bf1 elementor-widget elementor-widget-button\" data-id=\"cfb1bf1\" data-element_type=\"widget\" data-e-type=\"widget\" data-widget_type=\"button.default\">\n\t\t\t\t<div class=\"elementor-widget-container\">\n\t\t\t\t\t\t\t\t\t<div class=\"elementor-button-wrapper\">\n\t\t\t\t\t<a class=\"elementor-button elementor-button-link elementor-size-sm\" href=\"https:\/\/www.paypal.com\/webapps\/hermes?token=5CC88293CC013954H&#038;useraction=commit&#038;mfid=1550496071863_6822aea6fbc4#\/checkout\/guest\" target=\"_blank\">\n\t\t\t\t\t\t<span class=\"elementor-button-content-wrapper\">\n\t\t\t\t\t\t\t\t\t<span class=\"elementor-button-text\">Haz clic aqu\u00ed<\/span>\n\t\t\t\t\t<\/span>\n\t\t\t\t\t<\/a>\n\t\t\t\t<\/div>\n\t\t\t\t\t\t\t\t<\/div>\n\t\t\t\t<\/div>\n\t\t\t\t<\/div>\n\t\t\t\t\t<\/div>\n\t\t\t\t<\/div>\n\t\t<div class=\"elementor-element elementor-element-6c3bb19 e-flex e-con-boxed e-con e-parent\" data-id=\"6c3bb19\" data-element_type=\"container\" data-e-type=\"container\">\n\t\t\t\t\t<div class=\"e-con-inner\">\n\t\t<div class=\"elementor-element elementor-element-6f7159a e-con-full e-flex e-con e-child\" data-id=\"6f7159a\" data-element_type=\"container\" data-e-type=\"container\">\n\t\t\t\t<div class=\"elementor-element elementor-element-8689d30 elementor-widget__width-initial elementor-widget elementor-widget-heading\" data-id=\"8689d30\" data-element_type=\"widget\" data-e-type=\"widget\" data-widget_type=\"heading.default\">\n\t\t\t\t<div class=\"elementor-widget-container\">\n\t\t\t\t\t<h2 class=\"elementor-heading-title elementor-size-default\">Conductas T\u00f3xicas<\/h2>\t\t\t\t<\/div>\n\t\t\t\t<\/div>\n\t\t\t\t<\/div>\n\t\t<div class=\"elementor-element elementor-element-2f79618 e-con-full e-flex e-con e-child\" data-id=\"2f79618\" data-element_type=\"container\" data-e-type=\"container\">\n\t\t\t\t<div class=\"elementor-element elementor-element-9276f27 elementor-widget elementor-widget-image\" data-id=\"9276f27\" data-element_type=\"widget\" data-e-type=\"widget\" data-widget_type=\"image.default\">\n\t\t\t\t<div class=\"elementor-widget-container\">\n\t\t\t\t\t\t\t\t\t\t\t\t\t\t\t<img decoding=\"async\" width=\"196\" height=\"300\" src=\"https:\/\/manantialesusa.org\/wp-content\/uploads\/2024\/07\/libro-conducta-196x300.jpg\" class=\"attachment-medium size-medium wp-image-888\" alt=\"\" srcset=\"https:\/\/manantialesusa.org\/wp-content\/uploads\/2024\/07\/libro-conducta-196x300.jpg 196w, https:\/\/manantialesusa.org\/wp-content\/uploads\/2024\/07\/libro-conducta.jpg 274w\" sizes=\"(max-width: 196px) 100vw, 196px\" \/>\t\t\t\t\t\t\t\t\t\t\t\t\t\t\t<\/div>\n\t\t\t\t<\/div>\n\t\t\t\t<\/div>\n\t\t<div class=\"elementor-element elementor-element-e5124eb e-con-full e-flex e-con e-child\" data-id=\"e5124eb\" data-element_type=\"container\" data-e-type=\"container\">\n\t\t\t\t<div class=\"elementor-element elementor-element-49c9ca7 elementor-widget elementor-widget-text-editor\" data-id=\"49c9ca7\" data-element_type=\"widget\" data-e-type=\"widget\" data-widget_type=\"text-editor.default\">\n\t\t\t\t<div class=\"elementor-widget-container\">\n\t\t\t\t\t\t\t\t\t<p>Ante la ampl\u00edsima problem\u00e1tica de las adicciones, el Lic. Pablo Rossi, con una importante trayectoria en ese campo, nos propone un enfoque singular y abarcador para entender, prepararnos y afrontar un combate que, por la forma en que ha sido llevado hasta el presente, puede darse por perdido. Para ello es necesario cambiar el \u00e9nfasis puesta en la represi\u00f3n y en la reducci\u00f3n de la oferta, para concentrar los esfuerzos en la prevenci\u00f3n y los tratamientos<br \/><br \/>Es decir, reducir la demanda. El estado tiene la obligaci\u00f3n de proteger y garantizar derechos inalienables como la salud y el derecho a la vida, pero es imprescindible que trabaje mancomunadamente con otros actores sociales tales como ONGs, establecimientos educativos, padres, docentes y personas que padecen estas problem\u00e1ticas.<br \/><br \/>Y no ser\u00e1 con legalizaciones que se podr\u00e1 asegurar el \u00e9xito. La diversidad de nuevas y viejas adicciones (a la tecnolog\u00eda, al juego, al sexo, al deporte, al alcohol, a las compras, etc.) plantea un desaf\u00edo enorme para la salud p\u00fablica.<br \/><br \/>El autor, hoy un reconocido psic\u00f3logo especializado en la materia y que en su adolescencia padeciera el d\u00edficil problema de la adicci\u00f3n, nos propone est\u00e1 suerte de manual donde se enfatizan la prevenci\u00f3n y el tratamiento, y se afirma que tanto la familia como la escuela juegan un papel fundamental para evitar o ayudar a superar un flagelo que aumenta d\u00eda a d\u00eda en nuestra sociedad.<br \/><br \/>Conductas t\u00f3xicas: drogas y nuevas adicciones no es una vacuna contra las drogas pero s\u00ed pretende ser una herramienta para padres y educadores, proponiendo pautas y acciones que ayuden a crear una eficaz barrera para el ingreso de la droga en nuestras familias.<\/p>\t\t\t\t\t\t\t\t<\/div>\n\t\t\t\t<\/div>\n\t\t\t\t<div class=\"elementor-element elementor-element-f6ed5e3 elementor-widget elementor-widget-button\" data-id=\"f6ed5e3\" data-element_type=\"widget\" data-e-type=\"widget\" data-widget_type=\"button.default\">\n\t\t\t\t<div class=\"elementor-widget-container\">\n\t\t\t\t\t\t\t\t\t<div class=\"elementor-button-wrapper\">\n\t\t\t\t\t<a class=\"elementor-button elementor-button-link elementor-size-sm\" href=\"https:\/\/www.paypal.com\/webapps\/hermes?token=7XJ588644F1054920&#038;useraction=commit&#038;mfid=1550497089489_c1d86eaa21de2#\/checkout\/guest\" target=\"_blank\">\n\t\t\t\t\t\t<span class=\"elementor-button-content-wrapper\">\n\t\t\t\t\t\t\t\t\t<span class=\"elementor-button-text\">Haz clic aqu\u00ed<\/span>\n\t\t\t\t\t<\/span>\n\t\t\t\t\t<\/a>\n\t\t\t\t<\/div>\n\t\t\t\t\t\t\t\t<\/div>\n\t\t\t\t<\/div>\n\t\t\t\t<\/div>\n\t\t\t\t\t<\/div>\n\t\t\t\t<\/div>\n\t\t\t\t<\/div>\n\t\t","protected":false},"excerpt":{"rendered":"<p>Guia para padres Las drogas se han convertido en un problema que salpica a toda la sociedad, no solo a los consumidores. Afecta a las familias de los adictos, a la comunidad m\u00e9dica, a la sociedad en general. Aunque los lazos afectivos entre padres e hijos se mantienen durante toda la vida, adquieren especial importancia &#8230; <a title=\"Libros de ayuda online\" class=\"read-more\" href=\"https:\/\/manantialesusa.org\/index.php\/libros-de-ayuda-online\/\" aria-label=\"Leer m\u00e1s sobre Libros de ayuda online\">Leer m\u00e1s<\/a><\/p>\n","protected":false},"author":1,"featured_media":0,"parent":0,"menu_order":0,"comment_status":"closed","ping_status":"closed","template":"elementor_header_footer","meta":{"footnotes":""},"class_list":["post-258","page","type-page","status-publish"],"_links":{"self":[{"href":"https:\/\/manantialesusa.org\/index.php\/wp-json\/wp\/v2\/pages\/258","targetHints":{"allow":["GET"]}}],"collection":[{"href":"https:\/\/manantialesusa.org\/index.php\/wp-json\/wp\/v2\/pages"}],"about":[{"href":"https:\/\/manantialesusa.org\/index.php\/wp-json\/wp\/v2\/types\/page"}],"author":[{"embeddable":true,"href":"https:\/\/manantialesusa.org\/index.php\/wp-json\/wp\/v2\/users\/1"}],"replies":[{"embeddable":true,"href":"https:\/\/manantialesusa.org\/index.php\/wp-json\/wp\/v2\/comments?post=258"}],"version-history":[{"count":0,"href":"https:\/\/manantialesusa.org\/index.php\/wp-json\/wp\/v2\/pages\/258\/revisions"}],"wp:attachment":[{"href":"https:\/\/manantialesusa.org\/index.php\/wp-json\/wp\/v2\/media?parent=258"}],"curies":[{"name":"wp","href":"https:\/\/api.w.org\/{rel}","templated":true}]}}