{"id":252,"date":"2023-10-16T03:40:29","date_gmt":"2023-10-16T01:40:29","guid":{"rendered":"https:\/\/manantialesusa.org\/?page_id=252"},"modified":"2024-07-31T21:27:22","modified_gmt":"2024-07-31T19:27:22","slug":"motivacion-para-el-cambio","status":"publish","type":"page","link":"https:\/\/manantialesusa.org\/index.php\/motivacion-para-el-cambio\/","title":{"rendered":"Motivaci\u00f3n para el cambio"},"content":{"rendered":"\t\t<div data-elementor-type=\"wp-page\" data-elementor-id=\"252\" class=\"elementor elementor-252\" data-elementor-post-type=\"page\">\n\t\t\t\t<div class=\"elementor-element elementor-element-68734db e-con-full e-flex elementor-invisible e-con e-parent\" data-id=\"68734db\" data-element_type=\"container\" data-e-type=\"container\" data-settings=\"{&quot;background_background&quot;:&quot;classic&quot;,&quot;animation&quot;:&quot;fadeIn&quot;}\">\n\t\t\t\t<\/div>\n\t\t<div class=\"elementor-element elementor-element-384bd2a e-flex e-con-boxed elementor-invisible e-con e-parent\" data-id=\"384bd2a\" data-element_type=\"container\" data-e-type=\"container\" data-settings=\"{&quot;background_background&quot;:&quot;gradient&quot;,&quot;animation&quot;:&quot;fadeIn&quot;}\">\n\t\t\t\t\t<div class=\"e-con-inner\">\n\t\t\t\t\t<\/div>\n\t\t\t\t<\/div>\n\t\t<div class=\"elementor-element elementor-element-4a950a7 e-flex e-con-boxed elementor-invisible e-con e-parent\" data-id=\"4a950a7\" data-element_type=\"container\" data-e-type=\"container\" data-settings=\"{&quot;animation&quot;:&quot;fadeIn&quot;}\">\n\t\t\t\t\t<div class=\"e-con-inner\">\n\t\t<div class=\"elementor-element elementor-element-1a91429 e-con-full e-flex e-con e-child\" data-id=\"1a91429\" data-element_type=\"container\" data-e-type=\"container\">\n\t\t\t\t<div class=\"elementor-element elementor-element-ad9be1f elementor-widget elementor-widget-text-editor\" data-id=\"ad9be1f\" data-element_type=\"widget\" data-e-type=\"widget\" data-widget_type=\"text-editor.default\">\n\t\t\t\t<div class=\"elementor-widget-container\">\n\t\t\t\t\t\t\t\t\t<p>El proceso mediante el cual una persona pasa desde una adicci\u00f3n activa hacia la recuperaci\u00f3n sostenida, est\u00e1 en realidad basado en una toma de conciencia progresiva acerca del problema, y en la necesidad de cambio que influyen en la motivaci\u00f3n. Prochaska y Di Clemente han delineado un modelo para describir el proceso de motivaci\u00f3n creciente para el cambio, que permite evaluar la disposici\u00f3n hacia el cambio de cada persona.<\/p><p>En este modelo transicional del cambio se proponen diversas etapas o fases de la motivaci\u00f3n:<\/p>\t\t\t\t\t\t\t\t<\/div>\n\t\t\t\t<\/div>\n\t\t\t\t<\/div>\n\t\t<div class=\"elementor-element elementor-element-607413a e-con-full e-flex e-con e-child\" data-id=\"607413a\" data-element_type=\"container\" data-e-type=\"container\">\n\t\t\t\t<div class=\"elementor-element elementor-element-d1bfd23 elementor-widget elementor-widget-image\" data-id=\"d1bfd23\" data-element_type=\"widget\" data-e-type=\"widget\" data-widget_type=\"image.default\">\n\t\t\t\t<div class=\"elementor-widget-container\">\n\t\t\t\t\t\t\t\t\t\t\t\t\t\t\t<img fetchpriority=\"high\" decoding=\"async\" width=\"354\" height=\"327\" src=\"https:\/\/manantialesusa.org\/wp-content\/uploads\/2023\/10\/motivacion2.jpg\" class=\"attachment-large size-large wp-image-463\" alt=\"\" srcset=\"https:\/\/manantialesusa.org\/wp-content\/uploads\/2023\/10\/motivacion2.jpg 354w, https:\/\/manantialesusa.org\/wp-content\/uploads\/2023\/10\/motivacion2-300x277.jpg 300w\" sizes=\"(max-width: 354px) 100vw, 354px\" \/>\t\t\t\t\t\t\t\t\t\t\t\t\t\t\t<\/div>\n\t\t\t\t<\/div>\n\t\t\t\t<\/div>\n\t\t\t\t\t<\/div>\n\t\t\t\t<\/div>\n\t\t<div class=\"elementor-element elementor-element-b86c981 e-flex e-con-boxed elementor-invisible e-con e-parent\" data-id=\"b86c981\" data-element_type=\"container\" data-e-type=\"container\" data-settings=\"{&quot;animation&quot;:&quot;fadeIn&quot;}\">\n\t\t\t\t\t<div class=\"e-con-inner\">\n\t\t\t\t<div class=\"elementor-element elementor-element-1a86544 elementor-widget elementor-widget-text-editor\" data-id=\"1a86544\" data-element_type=\"widget\" data-e-type=\"widget\" data-widget_type=\"text-editor.default\">\n\t\t\t\t<div class=\"elementor-widget-container\">\n\t\t\t\t\t\t\t\t\t<p><b>Precontemplaci\u00f3n:<\/b>\u00a0En esta etapa la persona no tiene conciencia de la existencia del problema. Por esta raz\u00f3n no estar\u00e1 motivado a buscar ayuda, lo cual har\u00e1 que la adicci\u00f3n siga evolucionando y se acumulen las consecuencias negativas.<br \/><br \/><b>Contemplaci\u00f3n:<\/b>\u00a0En esta etapa ya las evidencias del da\u00f1o se hacen obvias para el adicto, desarrollando una conciencia del problema que va de menor a mayor. La persona en contemplaci\u00f3n, comienza a invertir energ\u00eda psicol\u00f3gica en pensar acerca del cambio, pero esto no se traduce en acciones concretas.<br \/><br \/><b>Preparaci\u00f3n:<\/b>\u00a0En esta etapa las personas se motivan a buscar ayuda porque saben que deben hacer algo para resolver el problema. La persona acude a consulta, pide consejo y planifica. A\u00fan as\u00ed, no se ha llegado al punto donde se est\u00e1 dispuesto a invertir mucha energ\u00eda en los cambios, por lo tanto el problema sigue evolucionando.<br \/><br \/><b>Acci\u00f3n:<\/b>\u00a0En esta etapa ya se ha pasado el punto de tolerancia, por lo que el adicto esta listo para hacer los cambios necesarios. Una vez llegado a este punto la persona sabe que no quiere seguir viviendo en su actual situaci\u00f3n y estar\u00e1 dispuesto a invertir energ\u00eda en los cambios. Sin embargo,si no se canaliza adecuadamente puede no avanzarse en la direcci\u00f3n correcta.<br \/><br \/><b>Mantenimiento:<\/b>\u00a0Una vez realizados los cambios hay que mantenerlos lo suficiente para que se hagan permanentes. Es muy usual que las personas en recuperaci\u00f3n, se descuiden en esta fase porque a veces, no hay adecuada conciencia de la tendencia a la reca\u00edda. Si la persona invierte tiempo en mantener los cambios logrados todo ir\u00e1 bien, pero si se descuida o aminora la marcha, puede presentarse una reca\u00edda.<br \/><br \/><b>Reca\u00eddas:<\/b>\u00a0La adicci\u00f3n tiene una tendencia natural a la reca\u00edda debido a la gran cantidad de elementos aprendidos y estructurales, que est\u00e1n activos a pesar de que se hayan adquiridos nuevos h\u00e1bitos de comportamiento. A esto se suma el hecho de que los cambios por realizar, pueden ser abrumadores. Las reca\u00eddas, muchas veces, son parte del aprendizaje hacia el mejoramiento de la recuperaci\u00f3n. En esto la adicci\u00f3n se comporta como otras enfermedades cr\u00f3nicas.<br \/><b>Terminaci\u00f3n<\/b>: Una vez que los cambios son mantenidos a lo largo del tiempo, los disparadores y conductas de b\u00fasqueda, as\u00ed como los deseos de uso, dejan de poseer la fuerza que han tenido sobre el adicto; se hacen menos intensos progresivamente, hasta que cesan. A\u00fan as\u00ed la tendencia a la reca\u00edda se mantiene, por lo que la recuperaci\u00f3n en el adicto, es un proceso que dura de por vida.<br \/><br \/>Este modelo transteor\u00e9tico del cambio hace notar que la motivaci\u00f3n no es una cualidad est\u00e1tica, sino m\u00e1s bien un recurso psicol\u00f3gico din\u00e1mico, que puede incrementarse a medida que la persona toma conciencia de su problema.<\/p>\t\t\t\t\t\t\t\t<\/div>\n\t\t\t\t<\/div>\n\t\t\t\t\t<\/div>\n\t\t\t\t<\/div>\n\t\t\t\t<\/div>\n\t\t","protected":false},"excerpt":{"rendered":"<p>El proceso mediante el cual una persona pasa desde una adicci\u00f3n activa hacia la recuperaci\u00f3n sostenida, est\u00e1 en realidad basado en una toma de conciencia progresiva acerca del problema, y en la necesidad de cambio que influyen en la motivaci\u00f3n. Prochaska y Di Clemente han delineado un modelo para describir el proceso de motivaci\u00f3n creciente &#8230; <a title=\"Motivaci\u00f3n para el cambio\" class=\"read-more\" href=\"https:\/\/manantialesusa.org\/index.php\/motivacion-para-el-cambio\/\" aria-label=\"Leer m\u00e1s sobre Motivaci\u00f3n para el cambio\">Leer m\u00e1s<\/a><\/p>\n","protected":false},"author":1,"featured_media":0,"parent":0,"menu_order":0,"comment_status":"closed","ping_status":"closed","template":"elementor_header_footer","meta":{"footnotes":""},"class_list":["post-252","page","type-page","status-publish"],"_links":{"self":[{"href":"https:\/\/manantialesusa.org\/index.php\/wp-json\/wp\/v2\/pages\/252","targetHints":{"allow":["GET"]}}],"collection":[{"href":"https:\/\/manantialesusa.org\/index.php\/wp-json\/wp\/v2\/pages"}],"about":[{"href":"https:\/\/manantialesusa.org\/index.php\/wp-json\/wp\/v2\/types\/page"}],"author":[{"embeddable":true,"href":"https:\/\/manantialesusa.org\/index.php\/wp-json\/wp\/v2\/users\/1"}],"replies":[{"embeddable":true,"href":"https:\/\/manantialesusa.org\/index.php\/wp-json\/wp\/v2\/comments?post=252"}],"version-history":[{"count":0,"href":"https:\/\/manantialesusa.org\/index.php\/wp-json\/wp\/v2\/pages\/252\/revisions"}],"wp:attachment":[{"href":"https:\/\/manantialesusa.org\/index.php\/wp-json\/wp\/v2\/media?parent=252"}],"curies":[{"name":"wp","href":"https:\/\/api.w.org\/{rel}","templated":true}]}}