{"id":15,"date":"2023-10-14T03:06:28","date_gmt":"2023-10-14T01:06:28","guid":{"rendered":"https:\/\/manantialesusa.org\/?page_id=15"},"modified":"2024-07-31T21:22:27","modified_gmt":"2024-07-31T19:22:27","slug":"prevencion","status":"publish","type":"page","link":"https:\/\/manantialesusa.org\/index.php\/prevencion\/","title":{"rendered":"Prevenci\u00f3n"},"content":{"rendered":"\t\t<div data-elementor-type=\"wp-page\" data-elementor-id=\"15\" class=\"elementor elementor-15\" data-elementor-post-type=\"page\">\n\t\t\t\t<div class=\"elementor-element elementor-element-c740825 e-con-full e-flex elementor-invisible e-con e-parent\" data-id=\"c740825\" data-element_type=\"container\" data-e-type=\"container\" data-settings=\"{&quot;background_background&quot;:&quot;classic&quot;,&quot;animation&quot;:&quot;fadeIn&quot;}\">\n\t\t\t\t<\/div>\n\t\t<div class=\"elementor-element elementor-element-946f957 e-flex e-con-boxed elementor-invisible e-con e-parent\" data-id=\"946f957\" data-element_type=\"container\" data-e-type=\"container\" data-settings=\"{&quot;background_background&quot;:&quot;gradient&quot;,&quot;animation&quot;:&quot;fadeIn&quot;}\">\n\t\t\t\t\t<div class=\"e-con-inner\">\n\t\t\t\t\t<\/div>\n\t\t\t\t<\/div>\n\t\t<div class=\"elementor-element elementor-element-9cb52af e-flex e-con-boxed elementor-invisible e-con e-parent\" data-id=\"9cb52af\" data-element_type=\"container\" data-e-type=\"container\" data-settings=\"{&quot;animation&quot;:&quot;fadeIn&quot;}\">\n\t\t\t\t\t<div class=\"e-con-inner\">\n\t\t\t\t<div class=\"elementor-element elementor-element-9c477c5 elementor-widget elementor-widget-text-editor\" data-id=\"9c477c5\" data-element_type=\"widget\" data-e-type=\"widget\" data-widget_type=\"text-editor.default\">\n\t\t\t\t<div class=\"elementor-widget-container\">\n\t\t\t\t\t\t\t\t\t<p>La prevenci\u00f3n no es un arma m\u00e1gica que erradica completamente el abuso de drogas, pero su realizaci\u00f3n es fundamental para disminuirlo. Consiste en conseguir que la mayor\u00eda de las personas adapte una calidad de vida y un estilo de conducta contrario al aqu\u00e9l generado por las adicciones. La prevenci\u00f3n debe promover una sociedad moderna libre de adicciones, y para ello, debe apuntar a la educaci\u00f3n, la ocupaci\u00f3n, la sanidad, la lucha contra el narcotr\u00e1fico, la cultura, y el empleo de tiempo libre en actividades recreativas sanas.<br \/><br \/>En Estados Unidos, luego de comprobarse el alt\u00edsimo costo que provocaba en la sociedad el consumo de tabaco, alcohol y otras drogas, se impuso como una necesidad primordial la realizaci\u00f3n de una pol\u00edtica seria y conciente de prevenci\u00f3n de las adicciones. Seg\u00fan los datos obtenidos, ese costo ascend\u00eda a unos cuatrocientos billones de d\u00f3lares. El Center for Substance Abuse Prevention (CSAP) define la prevenci\u00f3n como el conjunto de las acciones que permiten a los ciudadanos una vida sana, productiva y segura. Este centro desarrolla una serie de medidas preventivas que se materializan a trav\u00e9s de los \u00e1mbitos educativos, en la b\u00fasqueda de diferentes actividades, en la realizaci\u00f3n de programas destinados a la comunidad en los cuales se informa adecuadamente. Aunque en realidad, quien efect\u00faa el mayor esfuerzo son las asociaciones de car\u00e1cter privado ya que se manejan con fondos provenientes de donaciones privadas o subvenciones p\u00fablicas, o de los mismos miembros voluntarios que las constituyen.<br \/><br \/>Por otra parte, el gobierno se dedica m\u00e1s a programas de tipo escolar, brinda servicios informativos al p\u00fablico, o alternativas de tratamientos. Los datos muestran un declive en la curva de consumo de alcohol, tabaco y drogas ilegales en los \u00faltimos a\u00f1os, demostrando la eficacia de la prevenci\u00f3n. En el grupo de adolescentes de 12 a 17 a\u00f1os, desde el a\u00f1o 1983 el \u00edndice baj\u00f3 un 11%. En el grupo de 18 a 25 a\u00f1os, 1 de cada 3 adolescentes consum\u00eda drogas ilegales ese mismo a\u00f1o, pero la proporci\u00f3n disminuy\u00f3 a 1 de cada 7 hacia el a\u00f1o 1995.<br \/><br \/>Se ha comprobado que los j\u00f3venes son los m\u00e1s propensos a consumir tabaco, alcohol y drogas ilegales (teniendo la mayor proporci\u00f3n de muertes por ingesta de sobredosis, cuadros de intoxicaci\u00f3n severa a ra\u00edz del alcohol, violencia por el uso del alcohol y el consumo de drogas ilegales). En grupos de adultos mayores de 26 a\u00f1os, se manifiesta un alto consumo de alcohol y tabaco, en tanto que el \u00edndice arrojado por consumo de drogas ilegales es el m\u00e1s bajo.<br \/><br \/>En otras palabras, los menores de 25 a\u00f1os tienen m\u00e1s probabilidades de iniciarse en el consumo de estos tres elementos, en tanto que los mayores lo hacen con alcohol o drogas de prescripci\u00f3n m\u00e9dica. Es por eso que se focalizan los esfuerzos en los m\u00e1s j\u00f3venes, por tratarse del grupo de mayor riesgo.<br \/><br \/>En los Estados Unidos se conoci\u00f3 como la \u00abguerra contra las drogas\u00bb al esfuerzo que hizo el gobierno para disminuir la demanda de drogas ilegales en el pa\u00eds, la cual se extendi\u00f3 durante varios a\u00f1os, alcanzando su m\u00e1xima intensidad durante la administraci\u00f3n de Reagan. La misma se implement\u00f3 a trav\u00e9s de la acci\u00f3n de los medios, diarios, revistas, emisoras de televisi\u00f3n, y ten\u00eda como destinatario a toda la comunidad. Pero no s\u00f3lo se limit\u00f3 el gobierno a la campa\u00f1a de la prevenci\u00f3n, sino que extendi\u00f3 su acci\u00f3n a la detenci\u00f3n del comercio de drogas, en vista de la cantidad de j\u00f3venes que utilizaban drogas alucin\u00f3genas y LSD, creando a tal fin el National Institute on Drugs Abuse (NIDA). Seg\u00fan los datos recogidos se supo que el uso de drogas ilegales hab\u00eda aumentado con los a\u00f1os y que el p\u00fablico ten\u00eda muy poco conocimiento de los riesgos. As\u00ed fue que se organiz\u00f3 la campa\u00f1a \u00abJust Say No\u00bb, cuyos afiches, en prueba de su eficacia, a\u00fan estaban a la vista siete a\u00f1os m\u00e1s tarde.<br \/><br \/>Un estudio en profundidad del NIDA, brind\u00f3 datos escalofriantes en cuanto a la cantidad de personas que hab\u00eda probado coca\u00edna alguna vez en su vida, la que la hab\u00eda consumido en el \u00faltimo a\u00f1o y la que la consumi\u00f3 en el \u00faltimo mes. Adem\u00e1s, mostraba el incremento de los casos de urgencias m\u00e9dicas debidos al consumo de esta droga (inclusive tambi\u00e9n muertes por su abuso). Por ello, se implement\u00f3 una campa\u00f1a espec\u00edfica avalada por testimonios de adictos famosos llevados al fracaso por su adicci\u00f3n. Sin embargo, el conocimiento de la gente aument\u00f3 proporcionalmente al uso de la coca\u00edna. Hubo que luchar contra una mentalidad bastante arraigada, que promov\u00eda su uso como algo \u00abrecreativo\u00bb, que cre\u00eda que no generaba adicci\u00f3n, y contra toda la publicidad a favor que brindaban las pel\u00edculas, las canciones y la televisi\u00f3n. La coca\u00edna parec\u00eda el elixir de los a\u00f1os 80.<br \/><br \/>En 1985, una encuesta mostr\u00f3 que unos 70 millones de americanos hab\u00edan probado alguna de las drogas ilegales al menos una vez en su vida. Ya se sab\u00eda que los j\u00f3venes adultos eran los m\u00e1s propensos a utilizar coca\u00edna, aunque tambi\u00e9n los sectores m\u00e1s j\u00f3venes comenzaron a utilizarla. Se resolvi\u00f3 efectuar una fuerte campa\u00f1a para ellos, pero surgi\u00f3 el inconveniente de que los usuarios cre\u00edan conocer todo sobre el tema y se consideraban independientes. Hac\u00edan hincapi\u00e9 en los supuestos efectos positivos del uso de la droga, ignorando los efectos negativos reales. El NIDA tuvo que encontrar las razones m\u00e1s convincentes para hacerles desistir del uso de la coca\u00edna, y para ello, se conect\u00f3 con una organizaci\u00f3n voluntaria constituida por agencias de publicidad, medios gr\u00e1ficos y una serie de organizaciones de tipo humanitario, llamada Ad Council solicit\u00e1ndole colaboraci\u00f3n. Durante tres meses trabajaron juntos los integrantes de ambos sectores, y en 1986, sali\u00f3 el primer anuncio de la campa\u00f1a denominada \u00abCocaine The Big Lie\u00bb (Coca\u00edna, la gran mentira). El objetivo era distribuir informaci\u00f3n puntual: que se trataba de una droga en extremo adictiva, que causaba serios conflictos de orden social, ps\u00edquico y de salud. Con estos datos trataba de desterrarse la noci\u00f3n de la coca\u00edna imaginada como elixir y las falsas expectativas que se gestaban a su alrededor.<br \/><br \/>La campa\u00f1a comenz\u00f3 con apoyo de ex adictos pertenecientes a todos los estratos sociales, quienes a trav\u00e9s de los medios difundieron los efectos negativos que su adicci\u00f3n hab\u00eda causado en su vida, su familia y su trabajo, siendo sus destinatarios los j\u00f3venes ubicados entre los 18 y los 35 a\u00f1os. Tambi\u00e9n difund\u00edan la importancia de buscar ayuda profesional y encarar un tratamiento serio a fin de poder superar la adicci\u00f3n. Durante el transcurso de ese a\u00f1o, se solicit\u00f3 tambi\u00e9n la colaboraci\u00f3n de deportistas famosos -no usuarios- para que instaran a los adictos a aceptar apoyo, y a los que a\u00fan no hab\u00edan ca\u00eddo en la tentaci\u00f3n de la droga, a evitarla. El \u00e9xito de la campa\u00f1a fue evidente no s\u00f3lo gracias a la gran calidad que los anuncios pose\u00edan, sino tambi\u00e9n a la pol\u00e9mica que produjo la muerte de un astro del deporte, Len Bias, por la utilizaci\u00f3n de coca\u00edna en sus actividades deportivas. Esto hizo que la campa\u00f1a fuera acogida con mayor receptividad ya que el tema estaba en plena controversia. Fue enorme la cantidad de personas que llam\u00f3 a los tel\u00e9fonos habilitados solicitando informaci\u00f3n y ayuda. Esto fue un indicio fundamental del triunfo de la campa\u00f1a.<br \/><br \/>La segunda campa\u00f1a, lanzada en 1988, apunt\u00f3 a los j\u00f3venes que cursaban la escuela superior y colegios mayores, dirigi\u00e9ndose tambi\u00e9n a las familias y a los amigos de aquellos que eran adictos. Los m\u00e9todos utilizados fueron los siguientes: se recrearon situaciones similares a las que se producen entre los adictos, como si se estuviera frente a un escenario: una pareja discutiendo el tema, un joven incitando a los dem\u00e1s a tomar droga, sosteniendo sus beneficios y su inocuidad, seguido por otro que arrojaba el frasco a la basura afirmando que todo era una gran mentira, de manera tal que con estas representaciones, los j\u00f3venes usuarios de drogas, se sintieran identificados con los momentos que ellos mismos atravesaban.<br \/><br \/>El presupuesto utilizado en la campa\u00f1a no fue difundido exactamente. Lo que se supo fue que el gobierno federal asignaba a la guerra contra las drogas unos 12 billones y medio de d\u00f3lares, pero que solamente una parte hab\u00eda sido empleada en la campa\u00f1a, y que en general se utilizaba mucho m\u00e1s dinero en los tratamientos contra la droga que en los m\u00e9todos de prevenci\u00f3n. Los resultados de la campa\u00f1a fueron alentadores: un gran porcentaje de j\u00f3venes se concientiz\u00f3 del riesgo de consumir coca\u00edna, pero la edad de iniciaci\u00f3n en la droga baj\u00f3 en dos a\u00f1os un l%, siendo esta cifra un \u00edndice desfavorable. La realidad ineludible es que el flagelo de la droga es tremendo y las estad\u00edsticas arrojan datos alarmantes. Al parecer, un mill\u00f3n de j\u00f3venes adolescentes usa droga una vez por mes, unos cuatro millones consumen alcohol y cerca de dos millones fuma. Si bien se sabe que entre los mayores el \u00edndice de consumo de drogas ha descendido, ha sucedido lo contrario en los m\u00e1s j\u00f3venes, que utilizan marihuana, crack, LSD, alucin\u00f3genos, coca\u00edna. Esta es la raz\u00f3n por la que este grupo m\u00e1s joven ser\u00e1 el objetivo de ataque de las pr\u00f3ximas campa\u00f1as.<\/p>\t\t\t\t\t\t\t\t<\/div>\n\t\t\t\t<\/div>\n\t\t\t\t\t<\/div>\n\t\t\t\t<\/div>\n\t\t\t\t<\/div>\n\t\t","protected":false},"excerpt":{"rendered":"<p>La prevenci\u00f3n no es un arma m\u00e1gica que erradica completamente el abuso de drogas, pero su realizaci\u00f3n es fundamental para disminuirlo. Consiste en conseguir que la mayor\u00eda de las personas adapte una calidad de vida y un estilo de conducta contrario al aqu\u00e9l generado por las adicciones. La prevenci\u00f3n debe promover una sociedad moderna libre &#8230; <a title=\"Prevenci\u00f3n\" class=\"read-more\" href=\"https:\/\/manantialesusa.org\/index.php\/prevencion\/\" aria-label=\"Leer m\u00e1s sobre Prevenci\u00f3n\">Leer m\u00e1s<\/a><\/p>\n","protected":false},"author":1,"featured_media":0,"parent":0,"menu_order":0,"comment_status":"closed","ping_status":"closed","template":"elementor_header_footer","meta":{"footnotes":""},"class_list":["post-15","page","type-page","status-publish"],"_links":{"self":[{"href":"https:\/\/manantialesusa.org\/index.php\/wp-json\/wp\/v2\/pages\/15","targetHints":{"allow":["GET"]}}],"collection":[{"href":"https:\/\/manantialesusa.org\/index.php\/wp-json\/wp\/v2\/pages"}],"about":[{"href":"https:\/\/manantialesusa.org\/index.php\/wp-json\/wp\/v2\/types\/page"}],"author":[{"embeddable":true,"href":"https:\/\/manantialesusa.org\/index.php\/wp-json\/wp\/v2\/users\/1"}],"replies":[{"embeddable":true,"href":"https:\/\/manantialesusa.org\/index.php\/wp-json\/wp\/v2\/comments?post=15"}],"version-history":[{"count":0,"href":"https:\/\/manantialesusa.org\/index.php\/wp-json\/wp\/v2\/pages\/15\/revisions"}],"wp:attachment":[{"href":"https:\/\/manantialesusa.org\/index.php\/wp-json\/wp\/v2\/media?parent=15"}],"curies":[{"name":"wp","href":"https:\/\/api.w.org\/{rel}","templated":true}]}}