{"id":13,"date":"2023-10-14T03:06:00","date_gmt":"2023-10-14T01:06:00","guid":{"rendered":"https:\/\/manantialesusa.org\/?page_id=13"},"modified":"2024-07-31T21:23:42","modified_gmt":"2024-07-31T19:23:42","slug":"quienes-somos","status":"publish","type":"page","link":"https:\/\/manantialesusa.org\/index.php\/quienes-somos\/","title":{"rendered":"Qui\u00e9nes Somos"},"content":{"rendered":"\t\t<div data-elementor-type=\"wp-page\" data-elementor-id=\"13\" class=\"elementor elementor-13\" data-elementor-post-type=\"page\">\n\t\t\t\t<div class=\"elementor-element elementor-element-3ef0b74 e-con-full e-flex elementor-invisible e-con e-parent\" data-id=\"3ef0b74\" data-element_type=\"container\" data-e-type=\"container\" data-settings=\"{&quot;background_background&quot;:&quot;classic&quot;,&quot;animation&quot;:&quot;fadeIn&quot;}\">\n\t\t\t\t<\/div>\n\t\t<div class=\"elementor-element elementor-element-eab2f7d e-flex e-con-boxed elementor-invisible e-con e-parent\" data-id=\"eab2f7d\" data-element_type=\"container\" data-e-type=\"container\" data-settings=\"{&quot;background_background&quot;:&quot;gradient&quot;,&quot;animation&quot;:&quot;fadeIn&quot;}\">\n\t\t\t\t\t<div class=\"e-con-inner\">\n\t\t\t\t\t<\/div>\n\t\t\t\t<\/div>\n\t\t<div class=\"elementor-element elementor-element-e959739 e-flex e-con-boxed elementor-invisible e-con e-parent\" data-id=\"e959739\" data-element_type=\"container\" data-e-type=\"container\" data-settings=\"{&quot;animation&quot;:&quot;fadeIn&quot;}\">\n\t\t\t\t\t<div class=\"e-con-inner\">\n\t\t\t\t<div class=\"elementor-element elementor-element-7250a67 elementor-widget elementor-widget-text-editor\" data-id=\"7250a67\" data-element_type=\"widget\" data-e-type=\"widget\" data-widget_type=\"text-editor.default\">\n\t\t\t\t<div class=\"elementor-widget-container\">\n\t\t\t\t\t\t\t\t\t<p>Fundaci\u00f3n Manantiales es una entidad internacional de bien p\u00fablico dedicada a la investigaci\u00f3n, prevenci\u00f3n y asistencia de las adicciones con sedes en Argentina, Uruguay y sub-sedes en Brasil y Espa\u00f1a. Actualmente ha comenzado a servir a la comunidad hispana que vive en Estados Unidos de Am\u00e9rica, a trav\u00e9s de acciones de prevenci\u00f3n, orientaci\u00f3n y tratamientos para aquellas familias con un ser querido con problema de adicciones.<br \/><br \/>Actualmente en sus 9 centros, alrededor de 320 personas son asistidas por d\u00eda en los distintos tratamientos. En sus m\u00e1s de 20 a\u00f1os de trabajo m\u00e1s 5.000 personas cambiaron de vida.<br \/><br \/>Su prestigio en el \u00e1rea de la salud se debe a la permanente capacitaci\u00f3n internacional y profesionalismo de su staff. Es por ello que estudiantes del exterior eligen Fundaci\u00f3n Manantiales para capacitarse en la tem\u00e1tica de adicciones.<\/p>\t\t\t\t\t\t\t\t<\/div>\n\t\t\t\t<\/div>\n\t\t\t\t\t<\/div>\n\t\t\t\t<\/div>\n\t\t<div class=\"elementor-element elementor-element-815d48a e-flex e-con-boxed elementor-invisible e-con e-parent\" data-id=\"815d48a\" data-element_type=\"container\" data-e-type=\"container\" data-settings=\"{&quot;animation&quot;:&quot;fadeIn&quot;}\">\n\t\t\t\t\t<div class=\"e-con-inner\">\n\t\t<div class=\"elementor-element elementor-element-544ed54 e-con-full e-flex e-con e-child\" data-id=\"544ed54\" data-element_type=\"container\" data-e-type=\"container\">\n\t\t\t\t<div class=\"elementor-element elementor-element-5c9e6ba elementor-widget elementor-widget-text-editor\" data-id=\"5c9e6ba\" data-element_type=\"widget\" data-e-type=\"widget\" data-widget_type=\"text-editor.default\">\n\t\t\t\t<div class=\"elementor-widget-container\">\n\t\t\t\t\t\t\t\t\t<p>Fundaci\u00f3n Manantiales organiz\u00f3 en Argentina y Uruguay la Campa\u00f1a de Prevenci\u00f3n Internacional \u201cWinners don\u2019t use drugs\u201d (Los ganadores no usan drogas) y \u201cI feel good without drugs\u201d (Me siento bien sin drogas) que logr\u00f3 la participaci\u00f3n de las figuras m\u00e1s relevantes del \u00e1mbito empresarial, deportivo, art\u00edstico y pol\u00edtico, unidos contra las adicciones.<\/p><p>Asimismo, ha brindado m\u00e1s de 1.000 talleres, conferencias y programas de prevenci\u00f3n en establecimientos deportivos, culturales y educativos de nivel primario, secundario y universitario. La creaci\u00f3n de INFODROGA e INFOANOREXIA, servicios de informaci\u00f3n telef\u00f3nica por audio texto las 24 horas totalmente gratuitos, ha tenido gran \u00e9xito en Buenos Aires y Montevideo.<\/p>\t\t\t\t\t\t\t\t<\/div>\n\t\t\t\t<\/div>\n\t\t\t\t<\/div>\n\t\t<div class=\"elementor-element elementor-element-8f0d10b e-con-full e-flex e-con e-child\" data-id=\"8f0d10b\" data-element_type=\"container\" data-e-type=\"container\">\n\t\t\t\t<div class=\"elementor-element elementor-element-a17e450 elementor-widget elementor-widget-image\" data-id=\"a17e450\" data-element_type=\"widget\" data-e-type=\"widget\" data-widget_type=\"image.default\">\n\t\t\t\t<div class=\"elementor-widget-container\">\n\t\t\t\t\t\t\t\t\t\t\t\t\t\t\t<img fetchpriority=\"high\" decoding=\"async\" width=\"1024\" height=\"768\" src=\"https:\/\/manantialesusa.org\/wp-content\/uploads\/2023\/10\/quienes-somos-1024x768.jpg\" class=\"attachment-large size-large wp-image-435\" alt=\"\" srcset=\"https:\/\/manantialesusa.org\/wp-content\/uploads\/2023\/10\/quienes-somos-1024x768.jpg 1024w, https:\/\/manantialesusa.org\/wp-content\/uploads\/2023\/10\/quienes-somos-300x225.jpg 300w, https:\/\/manantialesusa.org\/wp-content\/uploads\/2023\/10\/quienes-somos-768x576.jpg 768w, https:\/\/manantialesusa.org\/wp-content\/uploads\/2023\/10\/quienes-somos-1536x1152.jpg 1536w, https:\/\/manantialesusa.org\/wp-content\/uploads\/2023\/10\/quienes-somos-2048x1536.jpg 2048w\" sizes=\"(max-width: 1024px) 100vw, 1024px\" \/>\t\t\t\t\t\t\t\t\t\t\t\t\t\t\t<\/div>\n\t\t\t\t<\/div>\n\t\t\t\t<\/div>\n\t\t\t\t\t<\/div>\n\t\t\t\t<\/div>\n\t\t<div class=\"elementor-element elementor-element-ccca6bc e-flex e-con-boxed e-con e-parent\" data-id=\"ccca6bc\" data-element_type=\"container\" data-e-type=\"container\">\n\t\t\t\t\t<div class=\"e-con-inner\">\n\t\t\t\t<div class=\"elementor-element elementor-element-39c48e7 elementor-widget elementor-widget-text-editor\" data-id=\"39c48e7\" data-element_type=\"widget\" data-e-type=\"widget\" data-widget_type=\"text-editor.default\">\n\t\t\t\t<div class=\"elementor-widget-container\">\n\t\t\t\t\t\t\t\t\t<p>Fundaci\u00f3n Manantiales \u2013\u00fanica instituci\u00f3n que en Argentina y Uruguay ha subscripto un Acuerdo con el Programa para el control de Drogas de las Naciones Unidas (UNDCP) y con el Servicio Social de la Industria (SESI) en Brasil &#8211; ha implementado un Programa de Prevenci\u00f3n con est\u00e1ndares internacionales. Este programa est\u00e1 dirigido a empresas, instituciones y comunidades en general con el objetivo de concientizar sobre esta problem\u00e1tica y buscar alternativas sanas de vida, por medio de la participaci\u00f3n y el protagonismo.<\/p><p>Los recursos obtenidos a trav\u00e9s de donaciones son destinados al Fondo Becario destinados a brindar conferencias y talleres gratuitos de Prevenci\u00f3n de las adicciones para Padres y docentes, como as\u00ed tambi\u00e9n posibilitar que personas carentes de recursos accedan a tratamientos de internaci\u00f3n, hospital de dia o ambulatorios mediante becas totales o parciales para de acuerdo a la situaci\u00f3n del solicitante . Por tal motivo, Fundaci\u00f3n Manantiales cuenta para estos casos con un sistema de becas mediante el cual se les brinda a todas las personas que recurren a ella la posibilidad de prestarle la asistencia necesaria. Toda donaci\u00f3n permite el ahorro en las \u00e1reas administrativas y sirve para que la Fundaci\u00f3n pueda asignar m\u00e1s recursos para los tratamientos.<\/p><p>Gracias a los excelentes resultados obtenidos, Fundaci\u00f3n Manantiales es uno de los centros m\u00e1s prestigiosos y el m\u00e1s recomendado por la comunidad m\u00e9dica, recibiendo pacientes de toda Iberoam\u00e9rica.<\/p>\t\t\t\t\t\t\t\t<\/div>\n\t\t\t\t<\/div>\n\t\t\t\t\t<\/div>\n\t\t\t\t<\/div>\n\t\t<div class=\"elementor-element elementor-element-92bf40e e-flex e-con-boxed e-con e-parent\" data-id=\"92bf40e\" data-element_type=\"container\" data-e-type=\"container\" data-settings=\"{&quot;background_background&quot;:&quot;gradient&quot;}\">\n\t\t\t\t\t<div class=\"e-con-inner\">\n\t\t\t\t<div class=\"elementor-element elementor-element-4a49155 elementor-widget__width-initial elementor-widget elementor-widget-heading\" data-id=\"4a49155\" data-element_type=\"widget\" data-e-type=\"widget\" data-widget_type=\"heading.default\">\n\t\t\t\t<div class=\"elementor-widget-container\">\n\t\t\t\t\t<h2 class=\"elementor-heading-title elementor-size-default\">Nuestro Nombre<\/h2>\t\t\t\t<\/div>\n\t\t\t\t<\/div>\n\t\t\t\t\t<\/div>\n\t\t\t\t<\/div>\n\t\t<div class=\"elementor-element elementor-element-697c5ed e-flex e-con-boxed e-con e-parent\" data-id=\"697c5ed\" data-element_type=\"container\" data-e-type=\"container\">\n\t\t\t\t\t<div class=\"e-con-inner\">\n\t\t\t\t<div class=\"elementor-element elementor-element-64e4025 elementor-widget elementor-widget-text-editor\" data-id=\"64e4025\" data-element_type=\"widget\" data-e-type=\"widget\" data-widget_type=\"text-editor.default\">\n\t\t\t\t<div class=\"elementor-widget-container\">\n\t\t\t\t\t\t\t\t\t<p>Manantiales, nace de la concepci\u00f3n de que en todo ser humano, independientemente de su pasado, tiene en su interior un manantial de agua pura. Est\u00e1 en \u00e9l y las herramientas que le brindemos, posibilitar que esta agua pura y limpia surja hacia el exterior.<\/p>\t\t\t\t\t\t\t\t<\/div>\n\t\t\t\t<\/div>\n\t\t\t\t\t<\/div>\n\t\t\t\t<\/div>\n\t\t<div class=\"elementor-element elementor-element-bb0307d e-flex e-con-boxed e-con e-parent\" data-id=\"bb0307d\" data-element_type=\"container\" data-e-type=\"container\" data-settings=\"{&quot;background_background&quot;:&quot;gradient&quot;}\">\n\t\t\t\t\t<div class=\"e-con-inner\">\n\t\t\t\t<div class=\"elementor-element elementor-element-2d35bff elementor-widget__width-initial elementor-widget elementor-widget-heading\" data-id=\"2d35bff\" data-element_type=\"widget\" data-e-type=\"widget\" data-widget_type=\"heading.default\">\n\t\t\t\t<div class=\"elementor-widget-container\">\n\t\t\t\t\t<h2 class=\"elementor-heading-title elementor-size-default\">Nuestra Misi\u00f3n<\/h2>\t\t\t\t<\/div>\n\t\t\t\t<\/div>\n\t\t\t\t\t<\/div>\n\t\t\t\t<\/div>\n\t\t<div class=\"elementor-element elementor-element-8a815b6 e-flex e-con-boxed e-con e-parent\" data-id=\"8a815b6\" data-element_type=\"container\" data-e-type=\"container\">\n\t\t\t\t\t<div class=\"e-con-inner\">\n\t\t\t\t<div class=\"elementor-element elementor-element-dbb7ca6 elementor-widget elementor-widget-text-editor\" data-id=\"dbb7ca6\" data-element_type=\"widget\" data-e-type=\"widget\" data-widget_type=\"text-editor.default\">\n\t\t\t\t<div class=\"elementor-widget-container\">\n\t\t\t\t\t\t\t\t\t<p>Llevar nuestro conocimiento profesional a toda la comunidad hispanoamericana ense\u00f1ando a las familias e individuos no solo como prevenir las adicciones sino tambi\u00e9n fomentar un estilo vida sano basado en tres pilares: educaci\u00f3n, alimentaci\u00f3n y el deporte. Asimismo brindar orientaci\u00f3n y tratamientos a las personas que ya padecen esta problem\u00e1tica aplicando las mejores t\u00e9cnicas y de probada eficacia en la rehabilitaci\u00f3n de las adicciones, reinsertando a estas personas como miembros valiosos de nuestra sociedad.<\/p><p><strong>Alcanzar el \u00e9xito a trav\u00e9s de una cultura de calidad continua basada en:<\/strong><br \/><br \/>\u2022 La excelencia del servicio y la utilizaci\u00f3n de tecnolog\u00eda de vanguardia.<br \/>\u2022 El trabajo de acuerdo est\u00e1ndares de calidad internacional y de excelencia terap\u00e9utica posibilitando en cada ser humano el derecho a la salud.<br \/>\u2022 La vocaci\u00f3n de servicio, compromiso y profesionalismo de todos los que hacemos Fundaci\u00f3n Manantiales.<br \/>\u2022 La pasi\u00f3n, la inteligencia y creatividad para entregar lo mejor de uno en cada momento.<\/p>\t\t\t\t\t\t\t\t<\/div>\n\t\t\t\t<\/div>\n\t\t\t\t\t<\/div>\n\t\t\t\t<\/div>\n\t\t<div class=\"elementor-element elementor-element-904a2f2 e-flex e-con-boxed e-con e-parent\" data-id=\"904a2f2\" data-element_type=\"container\" data-e-type=\"container\" data-settings=\"{&quot;background_background&quot;:&quot;gradient&quot;}\">\n\t\t\t\t\t<div class=\"e-con-inner\">\n\t\t\t\t<div class=\"elementor-element elementor-element-acf7e56 elementor-widget__width-initial elementor-widget elementor-widget-heading\" data-id=\"acf7e56\" data-element_type=\"widget\" data-e-type=\"widget\" data-widget_type=\"heading.default\">\n\t\t\t\t<div class=\"elementor-widget-container\">\n\t\t\t\t\t<h2 class=\"elementor-heading-title elementor-size-default\">Pol\u00edticas de Calidad<\/h2>\t\t\t\t<\/div>\n\t\t\t\t<\/div>\n\t\t\t\t\t<\/div>\n\t\t\t\t<\/div>\n\t\t<div class=\"elementor-element elementor-element-9b105e7 e-flex e-con-boxed e-con e-parent\" data-id=\"9b105e7\" data-element_type=\"container\" data-e-type=\"container\">\n\t\t\t\t\t<div class=\"e-con-inner\">\n\t\t\t\t<div class=\"elementor-element elementor-element-b676653 elementor-widget elementor-widget-text-editor\" data-id=\"b676653\" data-element_type=\"widget\" data-e-type=\"widget\" data-widget_type=\"text-editor.default\">\n\t\t\t\t<div class=\"elementor-widget-container\">\n\t\t\t\t\t\t\t\t\t<p>1- Considerar a cada paciente como \u00fanico teniendo en cuenta sus propias necesidades.<br \/>2- Garantizar los mayores resultados a trav\u00e9s de la vocaci\u00f3n de servicio, dedicaci\u00f3n exclusiva, el compromiso y la experiencia de nuestro equipo terap\u00e9utico especializado.<br \/>3- Mejorar continuamente la calidad de nuestros tratamientos a trav\u00e9s de la investigaci\u00f3n cient\u00edfica, la innovaci\u00f3n tecnol\u00f3gica y la constante capacitaci\u00f3n de nuestros profesionales.<br \/>4- Entender el bienestar mental y f\u00edsico como uno de los Derechos Humanos fundamentales y trabajar seg\u00fan el ideal social de promoverlo a todos por igual.<br \/>5- Alcanzar el \u00e9xito a trav\u00e9s de una cultura de calidad basada en:<\/p><ul><li>La excelencia en servicio.<\/li><li>Profesionales altamente entrenados, comprometidos con la \u00e9tica y los derechos humanos.<\/li><li>Investigaci\u00f3n cient\u00edfica constante.<\/li><\/ul>\t\t\t\t\t\t\t\t<\/div>\n\t\t\t\t<\/div>\n\t\t\t\t\t<\/div>\n\t\t\t\t<\/div>\n\t\t\t\t<\/div>\n\t\t","protected":false},"excerpt":{"rendered":"<p>Fundaci\u00f3n Manantiales es una entidad internacional de bien p\u00fablico dedicada a la investigaci\u00f3n, prevenci\u00f3n y asistencia de las adicciones con sedes en Argentina, Uruguay y sub-sedes en Brasil y Espa\u00f1a. Actualmente ha comenzado a servir a la comunidad hispana que vive en Estados Unidos de Am\u00e9rica, a trav\u00e9s de acciones de prevenci\u00f3n, orientaci\u00f3n y tratamientos &#8230; <a title=\"Qui\u00e9nes Somos\" class=\"read-more\" href=\"https:\/\/manantialesusa.org\/index.php\/quienes-somos\/\" aria-label=\"Leer m\u00e1s sobre Qui\u00e9nes Somos\">Leer m\u00e1s<\/a><\/p>\n","protected":false},"author":1,"featured_media":0,"parent":0,"menu_order":0,"comment_status":"closed","ping_status":"closed","template":"elementor_header_footer","meta":{"footnotes":""},"class_list":["post-13","page","type-page","status-publish"],"_links":{"self":[{"href":"https:\/\/manantialesusa.org\/index.php\/wp-json\/wp\/v2\/pages\/13","targetHints":{"allow":["GET"]}}],"collection":[{"href":"https:\/\/manantialesusa.org\/index.php\/wp-json\/wp\/v2\/pages"}],"about":[{"href":"https:\/\/manantialesusa.org\/index.php\/wp-json\/wp\/v2\/types\/page"}],"author":[{"embeddable":true,"href":"https:\/\/manantialesusa.org\/index.php\/wp-json\/wp\/v2\/users\/1"}],"replies":[{"embeddable":true,"href":"https:\/\/manantialesusa.org\/index.php\/wp-json\/wp\/v2\/comments?post=13"}],"version-history":[{"count":0,"href":"https:\/\/manantialesusa.org\/index.php\/wp-json\/wp\/v2\/pages\/13\/revisions"}],"wp:attachment":[{"href":"https:\/\/manantialesusa.org\/index.php\/wp-json\/wp\/v2\/media?parent=13"}],"curies":[{"name":"wp","href":"https:\/\/api.w.org\/{rel}","templated":true}]}}